{"id":8471,"date":"2023-04-12T22:32:59","date_gmt":"2023-04-12T20:32:59","guid":{"rendered":"https:\/\/pinacotecabologna.cultura.gov.it\/?page_id=8471"},"modified":"2025-12-04T19:43:06","modified_gmt":"2025-12-04T18:43:06","slug":"attivita-per-le-scuole","status":"publish","type":"page","link":"https:\/\/pinacotecabologna.cultura.gov.it\/en\/servizi-educativi\/attivita-per-le-scuole","title":{"rendered":"ACTIVITIES FOR SCHOOLS"},"content":{"rendered":"<div class=\"tipo-di-testo   pt-[20px]\">\r\n\r\n\t\r\n\t<div class=\"testo-pnb-wrap\">\r\n\t\t<p>Per l\u2019anno scolastico 2025\/2026, i Musei Nazionali di Bologna rinnovano il loro impegno verso il mondo della scuola, offrendo un ricco programma di attivit\u00e0 didattico-educative completamente gratuite, realizzate nella storica sede della Pinacoteca Nazionale in via delle Belle Arti.<\/p>\n<p>Le proposte sono sviluppate grazie alla collaborazione con la societ\u00e0 \u201cSenza titolo\u201d e l\u2019associazione Bologna Festival, con l\u2019obiettivo di garantire a studentesse e studenti l\u2019opportunit\u00e0 di vivere il museo come uno spazio accogliente, familiare e stimolante, da esplorare con curiosit\u00e0 e con tutti i sensi.<\/p>\n<p>Per la prima volta, \u00e8 previsto anche un percorso dedicato alla scuola dell\u2019infanzia, pensato per i pi\u00f9 piccoli, che avr\u00e0 come protagonista un approccio creativo e sensoriale all\u2019arte.<br \/>Il museo diventa cos\u00ec un luogo di incontro e di confronto diretto con i capolavori del passato, in dialogo con insegnanti, educatori e operatori museali.<\/p>\n<p>Le attivit\u00e0 sono differenziate in base al grado scolastico e alle competenze, con particolare attenzione all\u2019inclusivit\u00e0 e alla valorizzazione delle diverse abilit\u00e0. I percorsi proposti includono visite animate, laboratori per le scuole dell\u2019infanzia, primarie e secondarie di primo grado, oltre ad approfondimenti tematici per le scuole secondarie di secondo grado.<\/p>\n<p>Per ogni proposta sono indicati: tipologia,destinatari e durata.<br \/>La partecipazione \u00e8 solo su prenotazione, scrivendo all\u2019indirizzo e-mail indicato e specificando:<br \/>\u2192 nome dell\u2019istituto \u2192 classe e numero dei partecipanti<br \/>\u2192 nome e recapito telefonico dell\u2019insegnante referente<br \/>\u2192 attivit\u00e0 scelta \u2192 eventuale data o periodo di interesse<\/p>\n<p>Si invita a verificare che il percorso selezionato sia adatto al livello scolastico della classe.<\/p>\n<p><a href=\"https:\/\/pinacotecabologna.cultura.gov.it\/wp-content\/uploads\/2025\/12\/libretto-OF-2025-2026_a-colori.pdf\">Scarica l&#8217;offerta didattica 2025\/2026<\/a><\/p>\n\t<\/div>\r\n\r\n\t<\/div>\r\n\n\n\t\n\t\n\t\t<div class=\"horizontal-menu flex\">\n\n\t\t\t\t\t\t\t<div class=\"block_items_2\">\n\n\t\t\t\t\t<img style=\"width: %; \"\n\t\t\t\t\t\tsrc=\"https:\/\/pinacotecabologna.cultura.gov.it\/wp-content\/uploads\/2025\/01\/DSC7542_rit-scaled.jpg\" alt=\"Immagine-\"\n\t\t\t\t\t\ttitle=\"Titolo-\" \/>\n\n\t\t\t\t<\/div>\n\t\t\t\n\n\t\t\t<div class=\"block_items_2\">\n\n\t\t\t\t<div\n\t\t\t\t\tclass=\"block-events-category\">\n\t\t\t\t\t\n\n\n\t\t\t\t\t\t<div class=\"menu-item relative py-[15px] tb-box-up\">\n\t\t\t\t\t\t\t<a href=\"https:\/\/pinacotecabologna.cultura.gov.it\/en\/?post_type=event&#038;p=11737\" class=\"link-service py-[15px]\">\n\t\t\t\t\t\t\t\t<h5>\n\t\t\t\t\t\t\t\t\tCIELI IN CORNICE\t\t\t\t\t\t\t\t<\/h5>\n\n\t\t\t\t\t\t\t<\/a>\n                            <p style=\"margin-top: 5px\">Un percorso tra le opere per scoprire come il cielo, da semplice sfondo, sia diventato nel tempo un elemento narrativo di grande forza espressiva.<\/p>\n\t\t\t\t\t\t<\/div>\n\n\t\t\t\t\t\n\n\n\t\t\t\t\t\t<div class=\"menu-item relative py-[15px] tb-box-up\">\n\t\t\t\t\t\t\t<a href=\"https:\/\/pinacotecabologna.cultura.gov.it\/en\/?post_type=event&#038;p=16836\" class=\"link-service py-[15px]\">\n\t\t\t\t\t\t\t\t<h5>\n\t\t\t\t\t\t\t\t\tDialoghi in scena\t\t\t\t\t\t\t\t<\/h5>\n\n\t\t\t\t\t\t\t<\/a>\n                            <p style=\"margin-top: 5px\">Un itinerario per osservare come gli artisti hanno rappresentato le relazioni umane.<\/p>\n\t\t\t\t\t\t<\/div>\n\n\t\t\t\t\t\n\n\n\t\t\t\t\t\t<div class=\"menu-item relative py-[15px] tb-box-up\">\n\t\t\t\t\t\t\t<a href=\"https:\/\/pinacotecabologna.cultura.gov.it\/en\/?post_type=event&#038;p=11740\" class=\"link-service py-[15px]\">\n\t\t\t\t\t\t\t\t<h5>\n\t\t\t\t\t\t\t\t\tIn corso d&#8217;opera\t\t\t\t\t\t\t\t<\/h5>\n\n\t\t\t\t\t\t\t<\/a>\n                            <p style=\"margin-top: 5px\">Visita e laboratorio per esplora il concetto di metamorfosi nell&#8217;arte. Le opere d&#8217;arte diventano uno specchio attraverso cui leggere anche i nostri cambiamenti personali<\/p>\n\t\t\t\t\t\t<\/div>\n\n\t\t\t\t\t\n\n\n\t\t\t\t\t\t<div class=\"menu-item relative py-[15px] tb-box-up\">\n\t\t\t\t\t\t\t<a href=\"https:\/\/pinacotecabologna.cultura.gov.it\/en\/?post_type=event&#038;p=11738\" class=\"link-service py-[15px]\">\n\t\t\t\t\t\t\t\t<h5>\n\t\t\t\t\t\t\t\t\tParole all&#8217;ombra\t\t\t\t\t\t\t\t<\/h5>\n\n\t\t\t\t\t\t\t<\/a>\n                            <p style=\"margin-top: 5px\">Uun percorso di visita che esplora i temi dell\u2019ambiente, della natura e del paesaggio nella sezione della Pinacoteca dedicata all\u2019arte del Seicento e Settecento<\/p>\n\t\t\t\t\t\t<\/div>\n\n\t\t\t\t\t\n\n\n\t\t\t\t\t\t<div class=\"menu-item relative py-[15px] tb-box-up\">\n\t\t\t\t\t\t\t<a href=\"https:\/\/pinacotecabologna.cultura.gov.it\/en\/?post_type=event&#038;p=11739\" class=\"link-service py-[15px]\">\n\t\t\t\t\t\t\t\t<h5>\n\t\t\t\t\t\t\t\t\tAl di l\u00e0 di me\t\t\t\t\t\t\t\t<\/h5>\n\n\t\t\t\t\t\t\t<\/a>\n                            <p style=\"margin-top: 5px\">Un percorso di visita per riflettere, attraverso i protagonisti dei\ndipinti, sui diversi modi in cui gli artisti hanno rappresentato\nl\u2019identit\u00e0.<\/p>\n\t\t\t\t\t\t<\/div>\n\n\t\t\t\t\t\n\n\n\t\t\t\t\t\t<div class=\"menu-item relative py-[15px] tb-box-up\">\n\t\t\t\t\t\t\t<a href=\"https:\/\/pinacotecabologna.cultura.gov.it\/en\/?post_type=event&#038;p=15901\" class=\"link-service py-[15px]\">\n\t\t\t\t\t\t\t\t<h5>\n\t\t\t\t\t\t\t\t\tOltre la soglia\t\t\t\t\t\t\t\t<\/h5>\n\n\t\t\t\t\t\t\t<\/a>\n                            <p style=\"margin-top: 5px\">Una visita per riflettere sul concetto di limite<\/p>\n\t\t\t\t\t\t<\/div>\n\n\t\t\t\t\t\n\n\n\t\t\t\t\t\t<div class=\"menu-item relative py-[15px] tb-box-up\">\n\t\t\t\t\t\t\t<a href=\"https:\/\/pinacotecabologna.cultura.gov.it\/en\/?post_type=event&#038;p=15888\" class=\"link-service py-[15px]\">\n\t\t\t\t\t\t\t\t<h5>\n\t\t\t\t\t\t\t\t\tAlle origini della Pinacoteca\t\t\t\t\t\t\t\t<\/h5>\n\n\t\t\t\t\t\t\t<\/a>\n                            <p style=\"margin-top: 5px\">Visita guidata alla scoperta delle origini della collezione della Pinacoteca.<\/p>\n\t\t\t\t\t\t<\/div>\n\n\t\t\t\t\t\n\n\n\t\t\t\t\t\t<div class=\"menu-item relative py-[15px] tb-box-up\">\n\t\t\t\t\t\t\t<a href=\"https:\/\/pinacotecabologna.cultura.gov.it\/en\/?post_type=event&#038;p=11744\" class=\"link-service py-[15px]\">\n\t\t\t\t\t\t\t\t<h5>\n\t\t\t\t\t\t\t\t\tAnimali in Musica e in Pittura\t\t\t\t\t\t\t\t<\/h5>\n\n\t\t\t\t\t\t\t<\/a>\n                            <p style=\"margin-top: 5px\">Un percorso intorno al tema degli animali<\/p>\n\t\t\t\t\t\t<\/div>\n\n\t\t\t\t\t\n\n\n\t\t\t\t\t\t<div class=\"menu-item relative py-[15px] tb-box-up\">\n\t\t\t\t\t\t\t<a href=\"https:\/\/pinacotecabologna.cultura.gov.it\/en\/?post_type=event&#038;p=11743\" class=\"link-service py-[15px]\">\n\t\t\t\t\t\t\t\t<h5>\n\t\t\t\t\t\t\t\t\tQuadri Sonori\t\t\t\t\t\t\t\t<\/h5>\n\n\t\t\t\t\t\t\t<\/a>\n                            <p style=\"margin-top: 5px\">Un itinerario sonoro e visivo, con esecuzioni musicali dal vivo<\/p>\n\t\t\t\t\t\t<\/div>\n\n\t\t\t\t\t\t\t\t\t<\/div>\n\n\n\n\t\t\t<\/div>\n\n\t\t<\/div>\n\t\n\n\n\n<div class=\"tipo-di-testo   pt-[20px]\">\r\n\r\n\t\r\n\t<div class=\"testo-pnb-wrap\">\r\n\t\t<p>In occasione della mostra \u201cIl fascino discreto del disegno. La donazione Alessandro Zacchi alla Pinacoteca nazionale di Bologna\u201d, la Pinacoteca nazionale di Bologna propone una visita dedicata, accanto a un\u2019area didattica allestita all\u2019interno del percorso espositivo.\u00a0<\/p>\n<p>L&#8217;attivit\u00e0 \u00e8 svolta in collaborazione con la societ\u00e0 Senza Titolo.<\/p>\n\t<\/div>\r\n\r\n\t<\/div>","protected":false},"excerpt":{"rendered":"","protected":false},"author":2,"featured_media":0,"parent":8469,"menu_order":0,"comment_status":"closed","ping_status":"closed","template":"theme_layout9.php","meta":{"footnotes":""},"class_list":["post-8471","page","type-page","status-publish","hentry"],"featured_image_src":null,"featured_image_src_square":null,"_links":{"self":[{"href":"https:\/\/pinacotecabologna.cultura.gov.it\/en\/wp-json\/wp\/v2\/pages\/8471","targetHints":{"allow":["GET"]}}],"collection":[{"href":"https:\/\/pinacotecabologna.cultura.gov.it\/en\/wp-json\/wp\/v2\/pages"}],"about":[{"href":"https:\/\/pinacotecabologna.cultura.gov.it\/en\/wp-json\/wp\/v2\/types\/page"}],"author":[{"embeddable":true,"href":"https:\/\/pinacotecabologna.cultura.gov.it\/en\/wp-json\/wp\/v2\/users\/2"}],"replies":[{"embeddable":true,"href":"https:\/\/pinacotecabologna.cultura.gov.it\/en\/wp-json\/wp\/v2\/comments?post=8471"}],"version-history":[{"count":57,"href":"https:\/\/pinacotecabologna.cultura.gov.it\/en\/wp-json\/wp\/v2\/pages\/8471\/revisions"}],"predecessor-version":[{"id":17027,"href":"https:\/\/pinacotecabologna.cultura.gov.it\/en\/wp-json\/wp\/v2\/pages\/8471\/revisions\/17027"}],"up":[{"embeddable":true,"href":"https:\/\/pinacotecabologna.cultura.gov.it\/en\/wp-json\/wp\/v2\/pages\/8469"}],"wp:attachment":[{"href":"https:\/\/pinacotecabologna.cultura.gov.it\/en\/wp-json\/wp\/v2\/media?parent=8471"}],"curies":[{"name":"wp","href":"https:\/\/api.w.org\/{rel}","templated":true}]}}