{"id":8461,"date":"2023-04-12T21:20:33","date_gmt":"2023-04-12T19:20:33","guid":{"rendered":"https:\/\/pinacotecabologna.cultura.gov.it\/?page_id=8461"},"modified":"2026-03-06T07:58:24","modified_gmt":"2026-03-06T06:58:24","slug":"gabinetto-disegni-e-stampe","status":"publish","type":"page","link":"https:\/\/pinacotecabologna.cultura.gov.it\/en\/gabinetto-disegni-e-stampe","title":{"rendered":"The Department of Prints and Drawings"},"content":{"rendered":"<div class=\"tipo-di-testo   pt-[20px] \">\r\n\r\n\t\r\n\t<div class=\"testo-pnb-wrap \">\r\n\t\t<p>Il Gabinetto Disegni e Stampe della Pinacoteca Nazionale di Bologna conserva oltre novemila disegni, pervenuti attraverso numerosissime donazioni e acquisizioni che hanno incrementato il patrimonio grafico gi\u00e0 appartenuto all&#8217;Istituto delle Scienze con i fondi dell&#8217;Accademia di Belle Arti, fondata nel 1802, e con il patrimonio via via acquisito dalla stessa Pinacoteca Nazionale.<\/p>\n<p>Secondo tradizione, nel nucleo di donazione pi\u00f9 antica sono presenti alcuni studi di Agostino Carracci per la pala con l&#8217;<em>Ultima comunione<\/em> di San Girolamo, realizzata per la chiesa di San Girolamo della Certosa e oggi conservata nella Pinacoteca Nazionale di Bologna.<\/p>\n\t<\/div>\r\n\r\n\t<\/div>\r\n\n\n<div class=\"horizontal-menu-block   \">\r\n\r\n\t\r\n\t\r\n\t<div class=\"horizontal-menu flex\">\r\n\t\t\t\t\t\t\t\t\t\t\t\t\t\t\t\t<div style=\"padding: 15px 0; background-color: ; color:#000\"\r\n\t\t\t\t\t\tclass=\" link-image\r\n\t\t\t\t\t\tblock_items_1\t\t\t\t\t\t\"\r\n\t\t\t\t>\r\n\t\t\t\t\t<div class=\"column-image-wrap center\">\r\n\t\t\t\t\t\t\t\t\t\t\t\t\t<img style=\"width: 80%;\"\r\n\t\t\t\t\t\t\t\t\tclass=\"colums-image\"\r\n\t\t\t\t\t\t\t\t\tsrc=\"https:\/\/pinacotecabologna.cultura.gov.it\/wp-content\/uploads\/2023\/10\/gds-targa-1.png\"\r\n\t\t\t\t\t\t\t\t\talt=\"Immagine-\"\r\n\t\t\t\t\t\t\t\t\ttitle=\"Titolo-\"\/>\r\n\t\t\t\t\t\t\t\t\t\t\t<\/div>\r\n\t\t\t\t\t<div class=\"text-content\">\r\n\t\t\t\t\t\t\t\t\t\t\t\t\t\t\t\t\t\t\t\t\t\t\t\t\t\t\t\t\t<\/div>\r\n\t\t\t\t<\/div>\r\n\t\t\t\t\t\r\n\t<\/div>\r\n\r\n<\/div>\r\n\n\n<div class=\"tipo-di-testo   pt-[20px] \">\r\n\r\n\t\r\n\t<div class=\"testo-pnb-wrap \">\r\n\t\t<p>Oltre alla donazione nel 1776 di disegni da parte del padre oratoriano Urbano Savorgnan, alle acquisizioni settecentesche appartiene il gruppo di fogli provenienti dalle soppressioni napoleoniche. In particolare, dal convento di San Giovanni in Monte affluirono 106 disegni, tra i quali si possono identificare opere attualmente attribuite a Giorgio Vasari, Orazio Samacchini, Giacomo Cavedone, Francesco Trevisani. A questo nucleo si aggiunse il lascito del 1802 di Gregorio Casali con opere di Ubaldo Gandolfi e Mauro Tesi, e l&#8217;acquisto nel 1871 di cinque cartoni di Andrea Appiani, quattro dei quali riferibili ai distrutti affreschi della sala della Lanterna in Palazzo Reale a Milano.<br \/>Numerosissime sono le acquisizioni e donazioni riferibili alla prima met\u00e0 del Novecento, promosse in particolare dai direttori della Pinacoteca Anacleto Guadagnini e Francesco Malaguzzi Valeri. Tra queste, l&#8217;acquisto nel 1900 di 15 disegni da Giulio Cesare Pietra (di cui 14 riferibili a Donato Creti) e 114 disegni gi\u00e0 di collezione dell&#8217;artista Giacomo Zampa acquistati nel 1915 da Vittorio Modena, con disegni bolognesi dei secoli XVII e XVIII oltre che di opere dello stesso Zampa.<\/p>\n\t<\/div>\r\n\r\n\t<\/div>\r\n\n\n<div class=\"horizontal-menu-block   \">\r\n\r\n\t\r\n\t\r\n\t<div class=\"horizontal-menu flex\">\r\n\t\t\t\t\t\t\t\t\t\t\t\t\t\t\t\t<div style=\"padding: 15px 0; background-color: ; color:#000\"\r\n\t\t\t\t\t\tclass=\" link-image\r\n\t\t\t\t\t\tblock_items_3\t\t\t\t\t\t\"\r\n\t\t\t\t>\r\n\t\t\t\t\t<div class=\"column-image-wrap left\">\r\n\t\t\t\t\t\t\t\t\t\t\t\t\t<img style=\"width: 100%;\"\r\n\t\t\t\t\t\t\t\t\tclass=\"colums-image\"\r\n\t\t\t\t\t\t\t\t\tsrc=\"https:\/\/pinacotecabologna.cultura.gov.it\/wp-content\/uploads\/2023\/10\/Busi_Artboard-20_1.png\"\r\n\t\t\t\t\t\t\t\t\talt=\"Immagine-\"\r\n\t\t\t\t\t\t\t\t\ttitle=\"Titolo-\"\/>\r\n\t\t\t\t\t\t\t\t\t\t\t<\/div>\r\n\t\t\t\t\t<div class=\"text-content\">\r\n\t\t\t\t\t\t\t\t\t\t\t\t\t\t\t\t\t\t\t\t\t\t\t\t\t\t\t\t\t<\/div>\r\n\t\t\t\t<\/div>\r\n\t\t\t\t\t\t\t\t\t\t\t\t\t\t\t<div style=\"padding: 15px 0; background-color: ; color:#000\"\r\n\t\t\t\t\t\tclass=\" link-image\r\n\t\t\t\t\t\tblock_items_3\t\t\t\t\t\t\"\r\n\t\t\t\t>\r\n\t\t\t\t\t<div class=\"column-image-wrap left\">\r\n\t\t\t\t\t\t\t\t\t\t\t\t\t<img style=\"width: 100%;\"\r\n\t\t\t\t\t\t\t\t\tclass=\"colums-image\"\r\n\t\t\t\t\t\t\t\t\tsrc=\"https:\/\/pinacotecabologna.cultura.gov.it\/wp-content\/uploads\/2023\/10\/Busi_Artboard-19_1.png\"\r\n\t\t\t\t\t\t\t\t\talt=\"Immagine-\"\r\n\t\t\t\t\t\t\t\t\ttitle=\"Titolo-\"\/>\r\n\t\t\t\t\t\t\t\t\t\t\t<\/div>\r\n\t\t\t\t\t<div class=\"text-content\">\r\n\t\t\t\t\t\t\t\t\t\t\t\t\t\t\t\t\t\t\t\t\t\t\t\t\t\t\t\t\t<\/div>\r\n\t\t\t\t<\/div>\r\n\t\t\t\t\t\t\t\t\t\t\t\t\t\t\t<div style=\"padding: 15px 0; background-color: ; color:#000\"\r\n\t\t\t\t\t\tclass=\" link-image\r\n\t\t\t\t\t\tblock_items_3\t\t\t\t\t\t\"\r\n\t\t\t\t>\r\n\t\t\t\t\t<div class=\"column-image-wrap left\">\r\n\t\t\t\t\t\t\t\t\t\t\t\t\t<img style=\"width: 100%;\"\r\n\t\t\t\t\t\t\t\t\tclass=\"colums-image\"\r\n\t\t\t\t\t\t\t\t\tsrc=\"https:\/\/pinacotecabologna.cultura.gov.it\/wp-content\/uploads\/2023\/10\/Busi_Artboard-18_1.png\"\r\n\t\t\t\t\t\t\t\t\talt=\"Immagine-\"\r\n\t\t\t\t\t\t\t\t\ttitle=\"Titolo-\"\/>\r\n\t\t\t\t\t\t\t\t\t\t\t<\/div>\r\n\t\t\t\t\t<div class=\"text-content\">\r\n\t\t\t\t\t\t\t\t\t\t\t\t\t\t\t\t\t\t\t\t\t\t\t\t\t\t\t\t\t<\/div>\r\n\t\t\t\t<\/div>\r\n\t\t\t\t\t\r\n\t<\/div>\r\n\r\n<\/div>\r\n\n\n<div class=\"tipo-di-testo   pt-[20px] \">\r\n\r\n\t\r\n\t<div class=\"testo-pnb-wrap \">\r\n\t\t<p>Nel 1916 fu acquisito dal parroco di Santa Cecilia della Croara, don Paride Guglielmo Lucarotti, un libretto contenente 60 disegni, soprattutto di scuola bolognese del Settecento, con fogli di Giuseppe Maria Mitelli, Lorenzo Pasinelli, Vittorio Maria Bigari, i Gandolfi e Filippo Pedrini; inoltre furono acquistati da Giovanni Piancastelli 49 disegni, tra cui compaiono opere di Pietro Faccini, Carlo Cignani, Marcantonio Franceschini, Giovanni Antonio Burrini, Antonio Gionima e di nuovo i Gandolfi.<\/p>\n\t<\/div>\r\n\r\n\t<\/div>\r\n\n\n<div class=\"horizontal-menu-block   \">\r\n\r\n\t\r\n\t\r\n\t<div class=\"horizontal-menu flex\">\r\n\t\t\t\t\t\t\t\t\t\t\t\t\t\t\t\t<div style=\"padding: 15px 0; background-color: ; color:#000\"\r\n\t\t\t\t\t\tclass=\" link-image\r\n\t\t\t\t\t\tblock_items_3\t\t\t\t\t\t\"\r\n\t\t\t\t>\r\n\t\t\t\t\t<div class=\"column-image-wrap left\">\r\n\t\t\t\t\t\t\t\t\t\t\t\t\t<img style=\"width: 100%;\"\r\n\t\t\t\t\t\t\t\t\tclass=\"colums-image\"\r\n\t\t\t\t\t\t\t\t\tsrc=\"https:\/\/pinacotecabologna.cultura.gov.it\/wp-content\/uploads\/2023\/10\/G0211714_Inv1688.jpg\"\r\n\t\t\t\t\t\t\t\t\talt=\"Immagine-\"\r\n\t\t\t\t\t\t\t\t\ttitle=\"Titolo-\"\/>\r\n\t\t\t\t\t\t\t\t\t\t\t<\/div>\r\n\t\t\t\t\t<div class=\"text-content\">\r\n\t\t\t\t\t\t\t\t\t\t\t\t\t\t\t\t\t\t\t\t\t\t\t\t\t\t\t\t\t<\/div>\r\n\t\t\t\t<\/div>\r\n\t\t\t\t\t\t\t\t\t\t\t\t\t\t\t<div style=\"padding: 15px 0; background-color: ; color:#000\"\r\n\t\t\t\t\t\tclass=\" link-image\r\n\t\t\t\t\t\tblock_items_2_3\t\t\t\t\t\t\"\r\n\t\t\t\t>\r\n\t\t\t\t\t<div class=\"column-image-wrap left\">\r\n\t\t\t\t\t\t\t\t\t\t\t<\/div>\r\n\t\t\t\t\t<div class=\"text-content\">\r\n\t\t\t\t\t\t\t\t\t\t\t\t\t\t\t\t\t\t\t\t\t\t\t\t\t<div style=\"color:#000 !important;\"\r\n\t\t\t\t\t\t\t\t\tclass=\"\">\r\n\t\t\t\t\t\t\t\t<p>A partire dal 1916, ma scaglionato in diverse fasi negli anni successivi, \u00e8 l&#8217;acquisto di disegni da Giuseppe Ranuzzi de&#8217; Bianchi, mentre \u00e8 del 1917 l&#8217;acquisto della collezione di Orazio Sampietro di Treviglio che comprendeva, oltre a cinquanta disegni di scuola bolognese del Sei e Settecento, sei taccuini con studi scenografici dei fratelli Bernardino, Fabrizio e Giovanni Antonio Galliari.<\/p>\n<p>Tra il 1917 e il 1918, attraverso gli eredi, pervenne la collezione di opere del poliedrico architetto Raffaele Faccioli, comprensiva di un numero consistente di fotografie, oltre che di stampe, di disegni e taccuini autografi dello stesso Faccioli.<\/p>\n<p>Tra le donazioni di opere antiche rientra il lascito del conte Agostino Sieri Pepoli, pervenuto alla Pinacoteca nel 1919-1920, che comprendeva opere cinquecentesche (tra cui un disegno di Amico Aspertini), fogli seicenteschi e soprattutto disegni settecenteschi di quadratura e scenografia.<\/p>\n\t\t\t\t\t\t\t<\/div>\r\n\t\t\t\t\t\t\t\t\t\t\t\t\t\t\t\t\t<\/div>\r\n\t\t\t\t<\/div>\r\n\t\t\t\t\t\r\n\t<\/div>\r\n\r\n<\/div>\r\n\n\n<div class=\"tipo-di-testo   pt-[20px] \">\r\n\r\n\t\r\n\t<div class=\"testo-pnb-wrap \">\r\n\t\t<p>Tra il 1920 e il 1932 giunsero in Pinacoteca alcuni importanti nuclei di opere di artisti operativi a Bologna nell&#8217;Ottocento e nel primo Novecento. All&#8217;acquisto di disegni di Luigi Samoggia, di Luigi Busi, di Coriolano Vighi e di Riccardo Marchesini, si affiancarono l\u2019acquisizione di opere di Luigi Serra e la donazione, da parte dei fratelli, di opere di Antonio Muzzi.<\/p>\n<p>Altri disegni, per lo pi\u00f9 affluiti come opere singole, sono pervenuti in Pinacoteca negli ultimi decenni: il disegno con il San Domenico di Ludovico Carracci donato da Vitale Bloch nel 1959, un libro di disegni di Felice Giani acquisito nel 1980, la Maddalena riferita ad Annibale Carracci acquistata nel 2001, il disegno preparatorio di Alessandro Tiarini per il dipinto conservato in Pinacoteca raffigurante San Giovanni Battista che rimprovera Erode acquistato nel 2008.<\/p>\n\t<\/div>\r\n\r\n\t<\/div>\r\n\n\n<div class=\"tipo-di-titolo  pt-[20px]  \">\r\n\r\n\t\t\t<div class=\"line-up\"><\/div>\r\n\t\r\n\t<h4 class=\"\" >\r\n\t\tTra il 2011 e il 2013 la Societ\u00e0 di Santa Cecilia ha donato tre disegni: l&#8217;Annunciazione di Angela Teresa Muratori, Li cinque sentimenti alla moda di Giuseppe Maria Mitelli e L&#8217;allegoria della guerra di Felice Giani.\t<\/h4>\r\n\r\n\t<div class=\"line-down\"><\/div>\r\n<\/div>\r\n\n\n<div class=\"tipo-di-testo   pt-[20px] \">\r\n\r\n\t\r\n\t<div class=\"testo-pnb-wrap \">\r\n\t\t<p>La raccolta di stampe del Gabinetto Disegni e Stampe della Pinacoteca Nazionale di Bologna \u00e8 costituita da fondi collezionistici pervenuti all&#8217;Istituto delle Scienze, poi Regia Universit\u00e0, a partire dalla prima met\u00e0 del XVIII secolo e confluiti nel 1881 nel patrimonio dell&#8217;Accademia di Belle Arti di Bologna, la cui annessa Pinacoteca divenne autonoma nel 1882.<\/p>\n\t<\/div>\r\n\r\n\t<\/div>\r\n\n\n<div class=\"horizontal-menu-block   \">\r\n\r\n\t\r\n\t\r\n\t<div class=\"horizontal-menu flex\">\r\n\t\t\t\t\t\t\t\t\t\t\t\t\t\t\t\t<div style=\"padding: 15px 0; background-color: ; color:#000\"\r\n\t\t\t\t\t\tclass=\" link-image\r\n\t\t\t\t\t\tblock_items_2\t\t\t\t\t\t\"\r\n\t\t\t\t>\r\n\t\t\t\t\t<div class=\"column-image-wrap left\">\r\n\t\t\t\t\t\t\t\t\t\t\t\t\t<img style=\"width: 100%;\"\r\n\t\t\t\t\t\t\t\t\tclass=\"colums-image\"\r\n\t\t\t\t\t\t\t\t\tsrc=\"https:\/\/pinacotecabologna.cultura.gov.it\/wp-content\/uploads\/2023\/10\/G0213783-PN-2261.jpg\"\r\n\t\t\t\t\t\t\t\t\talt=\"Immagine-\"\r\n\t\t\t\t\t\t\t\t\ttitle=\"Titolo-\"\/>\r\n\t\t\t\t\t\t\t\t\t\t\t<\/div>\r\n\t\t\t\t\t<div class=\"text-content\">\r\n\t\t\t\t\t\t\t\t\t\t\t\t\t\t\t\t\t\t\t\t\t\t\t\t\t\t\t\t\t<\/div>\r\n\t\t\t\t<\/div>\r\n\t\t\t\t\t\t\t\t\t\t\t\t\t\t\t<div style=\"padding: 15px 0; background-color: ; color:#000\"\r\n\t\t\t\t\t\tclass=\" link-image\r\n\t\t\t\t\t\tblock_items_2\t\t\t\t\t\t\"\r\n\t\t\t\t>\r\n\t\t\t\t\t<div class=\"column-image-wrap left\">\r\n\t\t\t\t\t\t\t\t\t\t\t\t\t<img style=\"width: 100%;\"\r\n\t\t\t\t\t\t\t\t\tclass=\"colums-image\"\r\n\t\t\t\t\t\t\t\t\tsrc=\"https:\/\/pinacotecabologna.cultura.gov.it\/wp-content\/uploads\/2023\/10\/Durer-Il-cavaliere-e-il-lanzichenecco.jpg\"\r\n\t\t\t\t\t\t\t\t\talt=\"Immagine-\"\r\n\t\t\t\t\t\t\t\t\ttitle=\"Titolo-\"\/>\r\n\t\t\t\t\t\t\t\t\t\t\t<\/div>\r\n\t\t\t\t\t<div class=\"text-content\">\r\n\t\t\t\t\t\t\t\t\t\t\t\t\t\t\t\t\t\t\t\t\t\t\t\t\t\t\t\t\t<\/div>\r\n\t\t\t\t<\/div>\r\n\t\t\t\t\t\r\n\t<\/div>\r\n\r\n<\/div>\r\n\n\n<div class=\"tipo-di-testo   pt-[20px] \">\r\n\r\n\t\r\n\t<div class=\"testo-pnb-wrap \">\r\n\t\t<p>Il nucleo pi\u00f9 antico \u00e8 da riferire alla donazione del 1715 del conte Luigi Ferdinando Marsili, a cui hanno fatto seguito le donazioni del 1751 e del 1756 di papa Benedetto XIV Lambertini e una vasta collezione gi\u00e0 appartenuta all&#8217;artista bolognese Pier Francesco Cavazza.<\/p>\n<p>Acquisita nel 1780, insieme a libri e manoscritti ancora conservati presso la Biblioteca Universitaria di Bologna, la raccolta di ritratti a stampa dello speziale Ubaldo Zanetti, e pervenuto il dono del padre oratoriano Urbano Savorgnan nel 1776, l&#8217;apporto pi\u00f9 significativo di fine Settecento fu l&#8217;acquisto nel 1789 della collezione di stampe del conte Ludovico Aurelio Savioli, venduta all&#8217;Istituto delle Scienze dal padre, il poeta Ludovico Vittorio Savioli. Con questa raccolta di 5408 stampe pervennero in Pinacoteca in particolare importanti esemplari della scuola nordica del Quattrocento e del Cinquecento.<\/p>\n<p>La gran parte delle stampe appartenenti a queste donazioni, ad eccezione di quelle di Ubaldo Zanetti, vennero organizzate nella seconda met\u00e0 del Settecento (a partire da un primo nucleo di 50 volumi fatti rilegare per volont\u00e0 di papa Benedetto XIV nel 1751), in 81 volumi di grande formato, a comporre la cosiddetta &#8220;grande collezione&#8221;. Al nucleo donato nel 1756 da papa Lambertini, va riferito invece il gruppo di volumi della cosiddetta &#8220;piccola collezione&#8221;, di taglio soprattutto iconografico.<\/p>\n\t<\/div>\r\n\r\n\t<\/div>\r\n\n\n<div class=\"horizontal-menu-block   \">\r\n\r\n\t\r\n\t\r\n\t<div class=\"horizontal-menu flex\">\r\n\t\t\t\t\t\t\t\t\t\t\t\t\t\t\t\t<div style=\"padding: 15px 0; background-color: ; color:#000\"\r\n\t\t\t\t\t\tclass=\" link-image\r\n\t\t\t\t\t\tblock_items_1\t\t\t\t\t\t\"\r\n\t\t\t\t>\r\n\t\t\t\t\t<div class=\"column-image-wrap center\">\r\n\t\t\t\t\t\t\t\t\t\t\t\t\t<img style=\"width: 80%;\"\r\n\t\t\t\t\t\t\t\t\tclass=\"colums-image\"\r\n\t\t\t\t\t\t\t\t\tsrc=\"https:\/\/pinacotecabologna.cultura.gov.it\/wp-content\/uploads\/2023\/10\/gdd_01.jpg\"\r\n\t\t\t\t\t\t\t\t\talt=\"Immagine-\"\r\n\t\t\t\t\t\t\t\t\ttitle=\"Titolo-\"\/>\r\n\t\t\t\t\t\t\t\t\t\t\t<\/div>\r\n\t\t\t\t\t<div class=\"text-content\">\r\n\t\t\t\t\t\t\t\t\t\t\t\t\t\t\t\t\t\t\t\t\t\t\t\t\t\t\t\t\t<\/div>\r\n\t\t\t\t<\/div>\r\n\t\t\t\t\t\r\n\t<\/div>\r\n\r\n<\/div>\r\n\n\n<div class=\"tipo-di-testo   pt-[20px] mb-[20px]\">\r\n\r\n\t\r\n\t<div class=\"testo-pnb-wrap \">\r\n\t\t<p>Dagli 81 volumi ancora oggi conservati al Gabinetto Disegni e Stampe sono stati estratti, nel corso di una risistemazione della collezione di fine Ottocento, gli esemplari pi\u00f9 significativi, attualmente conservati sciolti.<\/p>\n<p>Tra i nuclei ottocenteschi, vanno segnalati 240 esemplari provenienti dalla soppressa scuola di incisione dell&#8217;Accademia di Belle Arti, raccolti per lo pi\u00f9 per iniziativa dell&#8217;artista Francesco Rosaspina (che lasci\u00f2 all&#8217;Istituto anche stampe di propria esecuzione), e gli esemplari di carattere eterogeneo, ma principalmente didattico, della calcografia pontificia inviati da Pio IX, registrati nel 1874 presso l&#8217;Accademia di Belle Arti come 950 pezzi comprensivi di 12.000 tavole. Nel Novecento pervennero diverse altre donazioni, tra le quali quella dell&#8217;incisore e bibliofilo Spagnoli, ricca di opere fiamminghe e francesi. Un ampliamento significativo della raccolta \u00e8 dovuto all&#8217;acquisto nel 2002, da parte dello Stato, della raccolta di stampe della collezionista bolognese Luciana Tabarroni, dedicata alla grafica europea del XX secolo. Tra i 1948 fogli sono presenti preziosi esemplari eseguiti da Paul C\u00e9zanne, Pablo Picasso, Egon Schiele, Paul Klee, Umberto Boccioni, Giorgio Morandi, Stanley William Heyter, Francis Bacon.<\/p>\n\t<\/div>\r\n\r\n\t<\/div>\r\n\n\n<div class=\"tipo-di-titolo  pt-[20px]  \">\r\n\r\n\t\r\n\t<h2 class=\"text-sx\" >\r\n\t\t\t<\/h2>\r\n\r\n<\/div>\r\n\n\n\n<p><\/p>\n\n\n\n<div class=\"wp-block-buttons is-content-justification-center is-layout-flex wp-container-core-buttons-is-layout-16018d1d wp-block-buttons-is-layout-flex\">\n<div class=\"wp-block-button\"><a class=\"wp-block-button__link has-white-color has-black-background-color has-text-color has-background has-link-color wp-element-button\" href=\"\/gabinetto-disegni-e-stampe\/gabinetto-stampe\">STAMPE<\/a><\/div>\n\n\n\n<div class=\"wp-block-button\"><a class=\"wp-block-button__link has-white-color has-black-background-color has-text-color has-background has-link-color wp-element-button\" href=\"\/gabinetto-disegni-e-stampe\/gabinetto-disegni\">DISEGNI<\/a><\/div>\n<\/div>\n\n\n\n<hr class=\"wp-block-separator has-alpha-channel-opacity\"\/>\n\n\n<div class=\"tipo-di-titolo  pt-[20px]  \">\r\n\r\n\t\t\t<div class=\"line-up\"><\/div>\r\n\t\r\n\t<h2 class=\"text-sx\" >\r\n\t\taperto: bollettino del gabinetto dei disegni e delle stampe\t<\/h2>\r\n\r\n\t<div class=\"line-down\"><\/div>\r\n<\/div>\r\n\n\n\n<p>La rivista, creata per promuovere studi sul patrimonio grafico del Museo, ha la finalit\u00e0 di incentivare la pubblicazione di ricerche e nuove indagini su opere della collezione. In ogni articolo si parte, infatti, da opere presenti in museo per allargarsi necessariamente, in un\u2019ampia prospettiva scientifica, a confronti e relazioni con opere conservate in altri fondi.<\/p>\n\n\n\n<div class=\"wp-block-buttons is-layout-flex wp-block-buttons-is-layout-flex\">\n<div class=\"wp-block-button\"><a class=\"wp-block-button__link has-white-color has-black-background-color has-text-color has-background has-link-color wp-element-button\" href=\"https:\/\/aperto.pinacotecabologna.beniculturali.it\/\">CONSULTA<\/a><\/div>\n<\/div>\n","protected":false},"excerpt":{"rendered":"","protected":false},"author":2,"featured_media":0,"parent":0,"menu_order":0,"comment_status":"closed","ping_status":"closed","template":"theme_layout1.php","meta":{"footnotes":""},"class_list":["post-8461","page","type-page","status-publish","hentry"],"featured_image_src":null,"featured_image_src_square":null,"_links":{"self":[{"href":"https:\/\/pinacotecabologna.cultura.gov.it\/en\/wp-json\/wp\/v2\/pages\/8461","targetHints":{"allow":["GET"]}}],"collection":[{"href":"https:\/\/pinacotecabologna.cultura.gov.it\/en\/wp-json\/wp\/v2\/pages"}],"about":[{"href":"https:\/\/pinacotecabologna.cultura.gov.it\/en\/wp-json\/wp\/v2\/types\/page"}],"author":[{"embeddable":true,"href":"https:\/\/pinacotecabologna.cultura.gov.it\/en\/wp-json\/wp\/v2\/users\/2"}],"replies":[{"embeddable":true,"href":"https:\/\/pinacotecabologna.cultura.gov.it\/en\/wp-json\/wp\/v2\/comments?post=8461"}],"version-history":[{"count":54,"href":"https:\/\/pinacotecabologna.cultura.gov.it\/en\/wp-json\/wp\/v2\/pages\/8461\/revisions"}],"predecessor-version":[{"id":17603,"href":"https:\/\/pinacotecabologna.cultura.gov.it\/en\/wp-json\/wp\/v2\/pages\/8461\/revisions\/17603"}],"wp:attachment":[{"href":"https:\/\/pinacotecabologna.cultura.gov.it\/en\/wp-json\/wp\/v2\/media?parent=8461"}],"curies":[{"name":"wp","href":"https:\/\/api.w.org\/{rel}","templated":true}]}}