{"id":8429,"date":"2023-04-12T19:32:21","date_gmt":"2023-04-12T17:32:21","guid":{"rendered":"https:\/\/pinacotecabologna.cultura.gov.it\/?page_id=8429"},"modified":"2024-10-21T13:33:11","modified_gmt":"2024-10-21T11:33:11","slug":"sala-30-dal-seicento-al-settecento","status":"publish","type":"page","link":"https:\/\/pinacotecabologna.cultura.gov.it\/en\/la-mappa-del-museo\/sala-30-dal-seicento-al-settecento","title":{"rendered":"Sala 30A: Agli esordi del Seicento Bolognese"},"content":{"rendered":"<div class=\"century-artwork\" style=\"background-color: #81a47a;color:#000\">\r\n\t<span class=\"text-[50px] leading-[52px] ml-[4px] tracking-[-2px]\">&#8216;700<\/span>\r\n<\/div>\r\n\n\n\r\n<div class=\"artwork-sala-titolo\" >\r\n\t<div class=\"numero-sala\">Sala: 30A<\/div>\r\n\t<h1>Agli esordi del Seicento Bolognese\t\t<button type=\"button\" class=\"hero-share-btn\" aria-label=\"Condividi questa pagina\" onclick=\"navigator.share ? navigator.share({title: document.title, url: location.href}) : (navigator.clipboard.writeText(location.href), this.querySelector('span').textContent = 'Copiato!')\">\r\n\t\t\t<svg aria-hidden=\"true\" viewbox=\"0 0 24 24\" focusable=\"false\" data-no-translation=\"\" data-no-auto-translation=\"\"><path d=\"M18 16a3 3 0 0 0-2.39 1.2l-6.33-3.16a3.1 3.1 0 0 0 0-2.08l6.33-3.16A3 3 0 1 0 15 7a3.1 3.1 0 0 0 .07.64L8.74 10.8a3 3 0 1 0 0 2.4l6.33 3.16A3 3 0 1 0 18 16z\"><\/path><\/svg>\r\n\t\t\t<span>Condividi<\/span>\r\n\t\t<\/button>\r\n\t<\/h1>\r\n<\/div>\r\n<script>\r\n(function() {\r\n    var el = document.currentScript.previousElementSibling;\r\n    if (!el || !el.classList.contains('artwork-sala-titolo')) return;\r\n    var prev = el.previousElementSibling;\r\n    if (prev && prev.classList.contains('century-artwork')) {\r\n        var bg = prev.style.backgroundColor;\r\n        el.style.backgroundColor = bg;\r\n    }\r\n})();\r\n<\/script>\r\n\n\n<div class=\"horizontal-menu-block\">\r\n\r\n\t\r\n\t\r\n\t<div class=\"horizontal-menu flex\">\r\n\t\t\t\t\t\t\t\t\t\t\t\t\t\t\t\t<div style=\"padding: 15px 0; background-color: ; color:#000\"\r\n\t\t\t\t\t\tclass=\"link-image\t\t\t\t\t\tblock_items_1\"\r\n\t\t\t\t>\r\n\t\t\t\t\t<div class=\"column-image-wrap left\">\r\n\t\t\t\t\t\t\t\t\t\t\t\t\t<img style=\"width: 100%;\"\r\n\t\t\t\t\t\t\t\t\tclass=\"colums-image\"\r\n\t\t\t\t\t\t\t\t\tsrc=\"https:\/\/pinacotecabologna.cultura.gov.it\/wp-content\/uploads\/2024\/07\/Sala-30-B-Pinacoteca_Nazionale_Bologna_7400-scaled.jpg\"\r\n\t\t\t\t\t\t\t\t\talt=\"Immagine-\"\r\n\t\t\t\t\t\t\t\t\ttitle=\"Titolo-\"\/>\r\n\t\t\t\t\t\t\t\t\t\t\t<\/div>\r\n\t\t\t\t\t<div class=\"text-content\">\r\n\t\t\t\t\t\t\t\t\t\t\t\t\t\t\t\t\t\t\t\t\t\t\t\t\t\t\t\t\t<\/div>\r\n\t\t\t\t<\/div>\r\n\t\t\t\t\t\r\n\t<\/div>\r\n\r\n<\/div>\r\n\n\n<div class=\"tipo-di-testo   pt-[20px]\">\r\n\r\n\t\r\n\t<div class=\"testo-pnb-wrap\">\r\n\t\t<p>Il percorso dell\u2019ultima sezione della Pinacoteca inizia con alcuni tra i pi\u00f9 rappresentativi dipinti del primo seicento bolognese e si conclude col pieno Settecento, rappresentato dalla pittura dei Gandolfi. Nell\u2019ordine cronologico, comune all\u2019intera galleria, si inserisce un allestimento per temi, fra i quali la pala d\u2019altare e il paesaggio. Le creazioni degli artisti che hanno condizionato il declinarsi dell\u2019arte bolognese di questo lungo periodo, Ludovico e Annibale Carracci e Guido Reni, sono messe a confronto con quelle delle nuove generazioni.\u00a0<br \/>Il percorso inizia con una sequenza di ritratti<s>,<\/s> esemplificativi dell\u2019evoluzione del genere. Il <em>Ritratto di studioso<\/em> di Lavinia Fontana [30.1] esprime nell\u2019austerit\u00e0 e convenzionalit\u00e0 della posa i canoni della ritrattistica ufficiale senza tempo, tipici della seconda met\u00e0 del Cinquecento. Pi\u00f9 innovativa \u00e8 la <em>Famiglia Tacconi<\/em> [30.2] in cui Ludovico annulla l\u2019ufficialit\u00e0 della messa in posa con una raffigurazione dinamica e spontanea, intima e quotidiana, capace di aprire la via alla moderna introspezione psicologica di cui il giovane Reni, alcuni anni dopo, offrir\u00e0 una mirabile sintesi nel <em>Ritratto della madre<\/em> [30.3]. L\u2019<em>Self-portrait <\/em>di Francesco Albani [30.4] e il <em>Ritratto di Guido Reni <\/em>di Simone Cantarini [30.5] sono entrambi riconducibili agli anni Trenta del Seicento ma profondamente diversi nello spirito ideativo: mentre Albani sceglie la classica posa frontale e appiana le rughe per dare un\u2019immagine pi\u00f9 giovane di s\u00e9, Cantarini punta sullo sguardo sfuggente e malinconico del maestro e sul naturalismo dei segni del tempo, restituendoci un\u2019immagine di forte intensit\u00e0 espressiva.\u00a0<\/p>\n\t<\/div>\r\n\r\n\t<\/div>\r\n\n\n<div class=\"shortcode  pt-[20px]\">\r\n\r\n\t\r\n\t\t\r\n<div class=\"artwork-collection relative  with-filter-col\">\r\n    <div class=\"navigation-topbar\">\r\n        <div class=\"result-count\">\r\n            Find 9 artwork        <\/div>\r\n                <div class=\"order-info\">\r\n            <label>\r\n                <select name=\"order_by\" id=\"orderBy\">\r\n                    <option value=\"\">Order by<\/option>\r\n                                            <option\r\n                            value=\"author\" >\r\n                            Author                        <\/option>\r\n                                            <option\r\n                            value=\"title\" >\r\n                            Artwork Name                        <\/option>\r\n                                            <option\r\n                            value=\"year\" >\r\n                            Artwork Year                        <\/option>\r\n                                    <\/select>\r\n            <\/label>\r\n        <\/div>\r\n    <\/div>\r\n             <div class=\"filter-column\" style=\"margin: 20px 0;\">\r\n                    <div class=\"filter filter-artwork_author\" style=\"display:flex; align-items:center;\">\r\n                <label style=\"font-weight: bold; margin-right: 10px;\">Autore<\/label>\r\n                <div class=\"filters-option\">\r\n                    <select onchange=\"filterArtworksByAuthor(this.value)\" style=\"padding: 8px; border-radius: 4px; border: 1px solid #ccc; max-width: 300px;\">\r\n                        <option value=\"all\">Tutti gli autori<\/option>\r\n                                                    <option value=\"albani-francesco\" >\r\n                                Albani Francesco                            <\/option>\r\n                                                    <option value=\"bigari-vittorio-maria\" >\r\n                                Bigari Vittorio Maria                            <\/option>\r\n                                                    <option value=\"carracci-ludovico\" >\r\n                                Carracci Ludovico                            <\/option>\r\n                                                    <option value=\"fontana-lavinia\" >\r\n                                Fontana Lavinia                            <\/option>\r\n                                                    <option value=\"gandolfi-gaetano\" >\r\n                                Gandolfi Gaetano                            <\/option>\r\n                                                    <option value=\"reni-guido\" >\r\n                                Reni Guido                            <\/option>\r\n                                            <\/select>\r\n                <\/div>\r\n            <\/div>\r\n                <\/div>\r\n    \r\n    <div class=\"grid-column grid-column-artwork\">\r\n                    <div class=\"grid-item artwork 390\" data-author=\"reni-guido\">\r\n                <div class=\"artwork-info\">\r\n                    <a href=\"https:\/\/pinacotecabologna.cultura.gov.it\/en\/opere-darte\/ritratto-di-gentildonna-la-madre-390\" class=\"artwork-info-url\">\r\n                        <span class=\"doobleline\"> <\/span>\r\n                        <span class=\"artwork-title\">Ritratto della madre Ginevra Pucci<\/span>\r\n                        <span class=\"line\"> <\/span>\r\n                        <span class=\"artwork-author\">Reni Guido<\/span>\r\n                    <\/a>\r\n                <\/div>\r\n                <div class=\"image-wrap\">\r\n                    <a href=\"https:\/\/pinacotecabologna.cultura.gov.it\/en\/opere-darte\/ritratto-di-gentildonna-la-madre-390\" class=\"artwork-thumb-url\">\r\n                        <img loading=\"lazy\" decoding=\"async\" width=\"600\" height=\"657\" src=\"https:\/\/pinacotecabologna.cultura.gov.it\/wp-content\/uploads\/artwork\/artwork\/390\/338.jpg\" class=\"attachment-full size-full wp-post-image\" alt=\"artwork-image\" srcset=\"https:\/\/pinacotecabologna.cultura.gov.it\/wp-content\/uploads\/artwork\/artwork\/390\/338.jpg 600w, https:\/\/pinacotecabologna.cultura.gov.it\/wp-content\/uploads\/artwork\/artwork\/390\/338-768x512.jpg 468w, https:\/\/pinacotecabologna.cultura.gov.it\/wp-content\/uploads\/artwork\/artwork\/390\/338-300x200.jpg 183w, https:\/\/pinacotecabologna.cultura.gov.it\/wp-content\/uploads\/artwork\/artwork\/390\/338-150x150.jpg 137w\" sizes=\"auto, (max-width: 600px) 100vw, 600px\" \/>                    <\/a>\r\n                <\/div>\r\n            <\/div>\r\n                    <div class=\"grid-item artwork 243\" data-author=\"gandolfi-gaetano\">\r\n                <div class=\"artwork-info\">\r\n                    <a href=\"https:\/\/pinacotecabologna.cultura.gov.it\/en\/opere-darte\/autoritratto_173-243\" class=\"artwork-info-url\">\r\n                        <span class=\"doobleline\"> <\/span>\r\n                        <span class=\"artwork-title\">Self-portrait<\/span>\r\n                        <span class=\"line\"> <\/span>\r\n                        <span class=\"artwork-author\">Gandolfi Gaetano<\/span>\r\n                    <\/a>\r\n                <\/div>\r\n                <div class=\"image-wrap\">\r\n                    <a href=\"https:\/\/pinacotecabologna.cultura.gov.it\/en\/opere-darte\/autoritratto_173-243\" class=\"artwork-thumb-url\">\r\n                        <img loading=\"lazy\" decoding=\"async\" width=\"600\" height=\"721\" src=\"https:\/\/pinacotecabologna.cultura.gov.it\/wp-content\/uploads\/artwork\/artwork\/243\/404.jpg\" class=\"attachment-full size-full wp-post-image\" alt=\"artwork-image\" srcset=\"https:\/\/pinacotecabologna.cultura.gov.it\/wp-content\/uploads\/artwork\/artwork\/243\/404.jpg 600w, https:\/\/pinacotecabologna.cultura.gov.it\/wp-content\/uploads\/artwork\/artwork\/243\/404-768x512.jpg 426w, https:\/\/pinacotecabologna.cultura.gov.it\/wp-content\/uploads\/artwork\/artwork\/243\/404-300x200.jpg 166w, https:\/\/pinacotecabologna.cultura.gov.it\/wp-content\/uploads\/artwork\/artwork\/243\/404-150x150.jpg 125w\" sizes=\"auto, (max-width: 600px) 100vw, 600px\" \/>                    <\/a>\r\n                <\/div>\r\n            <\/div>\r\n                    <div class=\"grid-item artwork 227\" data-author=\"fontana-lavinia\">\r\n                <div class=\"artwork-info\">\r\n                    <a href=\"https:\/\/pinacotecabologna.cultura.gov.it\/en\/opere-darte\/ritratto-di-studioso-227\" class=\"artwork-info-url\">\r\n                        <span class=\"doobleline\"> <\/span>\r\n                        <span class=\"artwork-title\">Ritratto di studioso<\/span>\r\n                        <span class=\"line\"> <\/span>\r\n                        <span class=\"artwork-author\">Fontana Lavinia<\/span>\r\n                    <\/a>\r\n                <\/div>\r\n                <div class=\"image-wrap\">\r\n                    <a href=\"https:\/\/pinacotecabologna.cultura.gov.it\/en\/opere-darte\/ritratto-di-studioso-227\" class=\"artwork-thumb-url\">\r\n                        <img loading=\"lazy\" decoding=\"async\" width=\"563\" height=\"683\" src=\"https:\/\/pinacotecabologna.cultura.gov.it\/wp-content\/uploads\/artwork\/artwork\/227\/6472-e1737720865248.jpg\" class=\"attachment-full size-full wp-post-image\" alt=\"artwork-image\" srcset=\"https:\/\/pinacotecabologna.cultura.gov.it\/wp-content\/uploads\/artwork\/artwork\/227\/6472-e1737720865248.jpg 563w, https:\/\/pinacotecabologna.cultura.gov.it\/wp-content\/uploads\/artwork\/artwork\/227\/6472-e1737720865248-10x12.jpg 10w\" sizes=\"auto, (max-width: 563px) 100vw, 563px\" \/>                    <\/a>\r\n                <\/div>\r\n            <\/div>\r\n                    <div class=\"grid-item artwork 170\" data-author=\"carracci-ludovico\">\r\n                <div class=\"artwork-info\">\r\n                    <a href=\"https:\/\/pinacotecabologna.cultura.gov.it\/en\/opere-darte\/la-famiglia-tacconi-170\" class=\"artwork-info-url\">\r\n                        <span class=\"doobleline\"> <\/span>\r\n                        <span class=\"artwork-title\">La famiglia Tacconi<\/span>\r\n                        <span class=\"line\"> <\/span>\r\n                        <span class=\"artwork-author\">Carracci Ludovico<\/span>\r\n                    <\/a>\r\n                <\/div>\r\n                <div class=\"image-wrap\">\r\n                    <a href=\"https:\/\/pinacotecabologna.cultura.gov.it\/en\/opere-darte\/la-famiglia-tacconi-170\" class=\"artwork-thumb-url\">\r\n                        <img loading=\"lazy\" decoding=\"async\" width=\"600\" height=\"771\" src=\"https:\/\/pinacotecabologna.cultura.gov.it\/wp-content\/uploads\/artwork\/artwork\/170\/6484.jpg\" class=\"attachment-full size-full wp-post-image\" alt=\"artwork-image\" srcset=\"https:\/\/pinacotecabologna.cultura.gov.it\/wp-content\/uploads\/artwork\/artwork\/170\/6484.jpg 600w, https:\/\/pinacotecabologna.cultura.gov.it\/wp-content\/uploads\/artwork\/artwork\/170\/6484-768x512.jpg 398w, https:\/\/pinacotecabologna.cultura.gov.it\/wp-content\/uploads\/artwork\/artwork\/170\/6484-300x200.jpg 156w, https:\/\/pinacotecabologna.cultura.gov.it\/wp-content\/uploads\/artwork\/artwork\/170\/6484-150x150.jpg 117w\" sizes=\"auto, (max-width: 600px) 100vw, 600px\" \/>                    <\/a>\r\n                <\/div>\r\n            <\/div>\r\n                    <div class=\"grid-item artwork 132\" data-author=\"bigari-vittorio-maria\">\r\n                <div class=\"artwork-info\">\r\n                    <a href=\"https:\/\/pinacotecabologna.cultura.gov.it\/en\/opere-darte\/battesimo-di-cristo_62-132\" class=\"artwork-info-url\">\r\n                        <span class=\"doobleline\"> <\/span>\r\n                        <span class=\"artwork-title\">Battesimo di Cristo<\/span>\r\n                        <span class=\"line\"> <\/span>\r\n                        <span class=\"artwork-author\">Bigari Vittorio Maria<\/span>\r\n                    <\/a>\r\n                <\/div>\r\n                <div class=\"image-wrap\">\r\n                    <a href=\"https:\/\/pinacotecabologna.cultura.gov.it\/en\/opere-darte\/battesimo-di-cristo_62-132\" class=\"artwork-thumb-url\">\r\n                        <img loading=\"lazy\" decoding=\"async\" width=\"600\" height=\"538\" src=\"https:\/\/pinacotecabologna.cultura.gov.it\/wp-content\/uploads\/artwork\/artwork\/132\/396.jpg\" class=\"attachment-full size-full wp-post-image\" alt=\"artwork-image\" srcset=\"https:\/\/pinacotecabologna.cultura.gov.it\/wp-content\/uploads\/artwork\/artwork\/132\/396.jpg 600w, https:\/\/pinacotecabologna.cultura.gov.it\/wp-content\/uploads\/artwork\/artwork\/132\/396-768x512.jpg 571w, https:\/\/pinacotecabologna.cultura.gov.it\/wp-content\/uploads\/artwork\/artwork\/132\/396-300x200.jpg 223w, https:\/\/pinacotecabologna.cultura.gov.it\/wp-content\/uploads\/artwork\/artwork\/132\/396-150x150.jpg 150w\" sizes=\"auto, (max-width: 600px) 100vw, 600px\" \/>                    <\/a>\r\n                <\/div>\r\n            <\/div>\r\n                    <div class=\"grid-item artwork 133\" data-author=\"bigari-vittorio-maria\">\r\n                <div class=\"artwork-info\">\r\n                    <a href=\"https:\/\/pinacotecabologna.cultura.gov.it\/en\/opere-darte\/adorazione-dei-magi_63-133\" class=\"artwork-info-url\">\r\n                        <span class=\"doobleline\"> <\/span>\r\n                        <span class=\"artwork-title\">Adorazione dei Magi<\/span>\r\n                        <span class=\"line\"> <\/span>\r\n                        <span class=\"artwork-author\">Bigari Vittorio Maria<\/span>\r\n                    <\/a>\r\n                <\/div>\r\n                <div class=\"image-wrap\">\r\n                    <a href=\"https:\/\/pinacotecabologna.cultura.gov.it\/en\/opere-darte\/adorazione-dei-magi_63-133\" class=\"artwork-thumb-url\">\r\n                        <img loading=\"lazy\" decoding=\"async\" width=\"600\" height=\"625\" src=\"https:\/\/pinacotecabologna.cultura.gov.it\/wp-content\/uploads\/artwork\/artwork\/133\/392.jpg\" class=\"attachment-full size-full wp-post-image\" alt=\"artwork-image\" srcset=\"https:\/\/pinacotecabologna.cultura.gov.it\/wp-content\/uploads\/artwork\/artwork\/133\/392.jpg 600w, https:\/\/pinacotecabologna.cultura.gov.it\/wp-content\/uploads\/artwork\/artwork\/133\/392-768x512.jpg 492w, https:\/\/pinacotecabologna.cultura.gov.it\/wp-content\/uploads\/artwork\/artwork\/133\/392-300x200.jpg 192w, https:\/\/pinacotecabologna.cultura.gov.it\/wp-content\/uploads\/artwork\/artwork\/133\/392-150x150.jpg 144w\" sizes=\"auto, (max-width: 600px) 100vw, 600px\" \/>                    <\/a>\r\n                <\/div>\r\n            <\/div>\r\n                    <div class=\"grid-item artwork 109\" data-author=\"albani-francesco\">\r\n                <div class=\"artwork-info\">\r\n                    <a href=\"https:\/\/pinacotecabologna.cultura.gov.it\/en\/opere-darte\/madonna-col-bambino-in-trono-fra-le-sante-caterina-d-alessandria-e-maria-maddalena-109\" class=\"artwork-info-url\">\r\n                        <span class=\"doobleline\"> <\/span>\r\n                        <span class=\"artwork-title\">Madonna col Bambino in trono fra le Sante Caterina d&#8217;Alessandria e Maria Maddalena<\/span>\r\n                        <span class=\"line\"> <\/span>\r\n                        <span class=\"artwork-author\">Albani Francesco<\/span>\r\n                    <\/a>\r\n                <\/div>\r\n                <div class=\"image-wrap\">\r\n                    <a href=\"https:\/\/pinacotecabologna.cultura.gov.it\/en\/opere-darte\/madonna-col-bambino-in-trono-fra-le-sante-caterina-d-alessandria-e-maria-maddalena-109\" class=\"artwork-thumb-url\">\r\n                        <img loading=\"lazy\" decoding=\"async\" width=\"467\" height=\"724\" src=\"https:\/\/pinacotecabologna.cultura.gov.it\/wp-content\/uploads\/artwork\/artwork\/109\/427.jpg\" class=\"attachment-full size-full wp-post-image\" alt=\"artwork-image\" srcset=\"https:\/\/pinacotecabologna.cultura.gov.it\/wp-content\/uploads\/artwork\/artwork\/109\/427.jpg 467w, https:\/\/pinacotecabologna.cultura.gov.it\/wp-content\/uploads\/artwork\/artwork\/109\/427-768x512.jpg 330w, https:\/\/pinacotecabologna.cultura.gov.it\/wp-content\/uploads\/artwork\/artwork\/109\/427-300x200.jpg 129w, https:\/\/pinacotecabologna.cultura.gov.it\/wp-content\/uploads\/artwork\/artwork\/109\/427-150x150.jpg 97w\" sizes=\"auto, (max-width: 467px) 100vw, 467px\" \/>                    <\/a>\r\n                <\/div>\r\n            <\/div>\r\n                    <div class=\"grid-item artwork 110\" data-author=\"albani-francesco\">\r\n                <div class=\"artwork-info\">\r\n                    <a href=\"https:\/\/pinacotecabologna.cultura.gov.it\/en\/opere-darte\/autoritratto-40-110\" class=\"artwork-info-url\">\r\n                        <span class=\"doobleline\"> <\/span>\r\n                        <span class=\"artwork-title\">Self-portrait<\/span>\r\n                        <span class=\"line\"> <\/span>\r\n                        <span class=\"artwork-author\">Albani Francesco<\/span>\r\n                    <\/a>\r\n                <\/div>\r\n                <div class=\"image-wrap\">\r\n                    <a href=\"https:\/\/pinacotecabologna.cultura.gov.it\/en\/opere-darte\/autoritratto-40-110\" class=\"artwork-thumb-url\">\r\n                        <img loading=\"lazy\" decoding=\"async\" width=\"600\" height=\"750\" src=\"https:\/\/pinacotecabologna.cultura.gov.it\/wp-content\/uploads\/artwork\/artwork\/110\/341.jpg\" class=\"attachment-full size-full wp-post-image\" alt=\"artwork-image\" srcset=\"https:\/\/pinacotecabologna.cultura.gov.it\/wp-content\/uploads\/artwork\/artwork\/110\/341.jpg 600w, https:\/\/pinacotecabologna.cultura.gov.it\/wp-content\/uploads\/artwork\/artwork\/110\/341-768x512.jpg 410w, https:\/\/pinacotecabologna.cultura.gov.it\/wp-content\/uploads\/artwork\/artwork\/110\/341-300x200.jpg 160w, https:\/\/pinacotecabologna.cultura.gov.it\/wp-content\/uploads\/artwork\/artwork\/110\/341-150x150.jpg 120w\" sizes=\"auto, (max-width: 600px) 100vw, 600px\" \/>                    <\/a>\r\n                <\/div>\r\n            <\/div>\r\n                    <div class=\"grid-item artwork 107\" data-author=\"albani-francesco\">\r\n                <div class=\"artwork-info\">\r\n                    <a href=\"https:\/\/pinacotecabologna.cultura.gov.it\/en\/opere-darte\/madonna-col-bambino-in-gloria-e-i-santi-girolamo-e-francesco-37-107\" class=\"artwork-info-url\">\r\n                        <span class=\"doobleline\"> <\/span>\r\n                        <span class=\"artwork-title\">Madonna col Bambino in gloria e i Santi Girolamo e Francesco<\/span>\r\n                        <span class=\"line\"> <\/span>\r\n                        <span class=\"artwork-author\">Albani Francesco<\/span>\r\n                    <\/a>\r\n                <\/div>\r\n                <div class=\"image-wrap\">\r\n                    <a href=\"https:\/\/pinacotecabologna.cultura.gov.it\/en\/opere-darte\/madonna-col-bambino-in-gloria-e-i-santi-girolamo-e-francesco-37-107\" class=\"artwork-thumb-url\">\r\n                        <img loading=\"lazy\" decoding=\"async\" width=\"600\" height=\"818\" src=\"https:\/\/pinacotecabologna.cultura.gov.it\/wp-content\/uploads\/artwork\/artwork\/107\/351.jpg\" class=\"attachment-full size-full wp-post-image\" alt=\"artwork-image\" srcset=\"https:\/\/pinacotecabologna.cultura.gov.it\/wp-content\/uploads\/artwork\/artwork\/107\/351.jpg 600w, https:\/\/pinacotecabologna.cultura.gov.it\/wp-content\/uploads\/artwork\/artwork\/107\/351-768x512.jpg 376w, https:\/\/pinacotecabologna.cultura.gov.it\/wp-content\/uploads\/artwork\/artwork\/107\/351-300x200.jpg 147w, https:\/\/pinacotecabologna.cultura.gov.it\/wp-content\/uploads\/artwork\/artwork\/107\/351-150x150.jpg 110w\" sizes=\"auto, (max-width: 600px) 100vw, 600px\" \/>                    <\/a>\r\n                <\/div>\r\n            <\/div>\r\n            <\/div>\r\n    <\/div>\r\n\r\n<script>\r\n    function filterArtworksByAuthor(authorSlug) {\r\n        const items = document.querySelectorAll('.grid-item.artwork');\r\n        let visibleCount = 0;\r\n        \r\n        items.forEach(function(item) {\r\n            if (authorSlug === 'all' || item.getAttribute('data-author') === authorSlug) {\r\n                item.style.display = '';\r\n                visibleCount++;\r\n            } else {\r\n                item.style.display = 'none';\r\n            }\r\n        });\r\n        \r\n        const resultCount = document.querySelector('.result-count');\r\n        if (resultCount) {\r\n            resultCount.innerHTML = resultCount.innerHTML.replace(\/\\d+\/, visibleCount);\r\n        }\r\n    }\r\n\r\n    (function(){\r\n        window.addEventListener(\"load\",function(){\r\n            const orderBy = document.getElementById(\"orderBy\");\r\n            const urlOrder = 'https:\/\/pinacotecabologna.cultura.gov.it\/en\/wp-json\/wp\/v2\/pages\/8429?paged=1&orderby=[ORDERBY]';\r\n            orderBy.addEventListener(\"change\",function (){\r\n                const newOrder = orderBy.value;\r\n                window.location = urlOrder.replace(\"[ORDERBY]\",newOrder);\r\n            });\r\n        });\r\n    })();\r\n<\/script>\t\r\n\r\n<\/div>","protected":false},"excerpt":{"rendered":"","protected":false},"author":2,"featured_media":0,"parent":8260,"menu_order":0,"comment_status":"closed","ping_status":"closed","template":"theme_layout4.php","meta":{"footnotes":""},"class_list":["post-8429","page","type-page","status-publish","hentry"],"featured_image_src":null,"featured_image_src_square":null,"_links":{"self":[{"href":"https:\/\/pinacotecabologna.cultura.gov.it\/en\/wp-json\/wp\/v2\/pages\/8429","targetHints":{"allow":["GET"]}}],"collection":[{"href":"https:\/\/pinacotecabologna.cultura.gov.it\/en\/wp-json\/wp\/v2\/pages"}],"about":[{"href":"https:\/\/pinacotecabologna.cultura.gov.it\/en\/wp-json\/wp\/v2\/types\/page"}],"author":[{"embeddable":true,"href":"https:\/\/pinacotecabologna.cultura.gov.it\/en\/wp-json\/wp\/v2\/users\/2"}],"replies":[{"embeddable":true,"href":"https:\/\/pinacotecabologna.cultura.gov.it\/en\/wp-json\/wp\/v2\/comments?post=8429"}],"version-history":[{"count":12,"href":"https:\/\/pinacotecabologna.cultura.gov.it\/en\/wp-json\/wp\/v2\/pages\/8429\/revisions"}],"predecessor-version":[{"id":15540,"href":"https:\/\/pinacotecabologna.cultura.gov.it\/en\/wp-json\/wp\/v2\/pages\/8429\/revisions\/15540"}],"up":[{"embeddable":true,"href":"https:\/\/pinacotecabologna.cultura.gov.it\/en\/wp-json\/wp\/v2\/pages\/8260"}],"wp:attachment":[{"href":"https:\/\/pinacotecabologna.cultura.gov.it\/en\/wp-json\/wp\/v2\/media?parent=8429"}],"curies":[{"name":"wp","href":"https:\/\/api.w.org\/{rel}","templated":true}]}}