{"id":17228,"date":"2026-01-20T18:44:13","date_gmt":"2026-01-20T17:44:13","guid":{"rendered":"https:\/\/pinacotecabologna.cultura.gov.it\/?page_id=17228"},"modified":"2026-01-20T18:44:15","modified_gmt":"2026-01-20T17:44:15","slug":"ufficio-restauro","status":"publish","type":"page","link":"https:\/\/pinacotecabologna.cultura.gov.it\/en\/ufficio-restauro","title":{"rendered":"Ufficio restauro"},"content":{"rendered":"<p><strong>Referente: Elisabetta Polidori <\/strong>&#8211; funzionario restauratore <\/p>\n\n\n\n<p><br><strong>Gisella Pollastro<\/strong> &#8211; funzionario restauratore<br><strong>Elena Arlotti<\/strong> &#8211; funzionario restauratore<br><strong>Chiara Carcano<\/strong> &#8211; funzionario restauratore<br><strong>Francesco Niboli<\/strong> &#8211; funzionario restauratore<br><strong><br>Attivit\u00e0 movimentazione ed allestimento:<\/strong> <strong>Andrea Trivellone<\/strong> &#8211; assistente tecnico con incarico di specifiche responsabilit\u00e0<\/p>\n\n\n\n<p><strong>Contact us<\/strong>: <\/p>\n\n\n\n<ul class=\"wp-block-list\">\n<li>PEO: mn-bo@cultura.gov.it<\/li>\n\n\n\n<li>PEC: mn-bocultura.gov.it<\/li>\n<\/ul>\n\n\n\n<p><strong>Attivit\u00e0<\/strong><\/p>\n\n\n\n<ul class=\"wp-block-list\">\n<li>Cura e progettazione, in sinergia con il responsabile delle collezioni e per settori di competenza, delle campagne di conservazione e di restauro; <\/li>\n\n\n\n<li>attivit\u00e0 attinenti alla prevenzione, manutenzione e restauro dei beni mobili e immobili;<\/li>\n\n\n\n<li>attivit\u00e0 di tutela, ricerca, valorizzazione ed esposizione delle opere;<\/li>\n\n\n\n<li>predisposizione di piani di monitoraggio conservativo e manutenzione ordinaria delle collezioni; <\/li>\n\n\n\n<li>attivit\u00e0 di studio e ricerca su materiali, tecniche esaustive e meccanismi di degrado delle opere d\u2019arte in collezione. <\/li>\n\n\n\n<li>Attivit\u00e0 di ricerca a supporto e documentazione delle attivit\u00e0 di progettazione, di direzione dei lavori di restauro e di manutenzione e di conservazione preventiva dell\u2019 Ufficio Tecnico; <\/li>\n\n\n\n<li>fornisce affiancamento ai Direttori dei Musei; <\/li>\n\n\n\n<li>esegue lavori di pronto intervento, messa in sicurezza e restauro sui Beni archeologici, architettonici, storico-artistici e demoetnoantropologici in consegna, anche per attivit\u00e0 di valorizzazione (mostre, prestiti, convegni, etc.);<\/li>\n\n\n\n<li>fornisce supporto tecnico-scientifico alle attivit\u00e0 di movimentazione; <\/li>\n\n\n\n<li>fornisce consulenza sulle metodologie ed i prodotti per la conservazione ed il restauro di Beni archeologici, architettonici, storico-artistici e demoetnoantropologici; <\/li>\n\n\n\n<li>cura lo sviluppo e l\u2019 aggiornamento del sistema SICaR; <\/li>\n\n\n\n<li>cura la documentazione dei lavori di restauro anche attraverso il sistema informativo SICaR; <\/li>\n\n\n\n<li>sviluppa studi e ricerche in materia di conservazione e restauro dei beni culturali; <\/li>\n\n\n\n<li>esercita l\u2019attivit\u00e0 didattica (in collaborazione col Servizio Educativo); <\/li>\n\n\n\n<li>fornisce supporto ai RUP per le Certificazioni di buon esito per le imprese (SOA) per i lavori appaltati dalla Direzione Musei.<\/li>\n<\/ul>","protected":false},"excerpt":{"rendered":"<p>Referente: Elisabetta Polidori &#8211; funzionario restauratore Gisella Pollastro &#8211; funzionario restauratoreElena Arlotti &#8211; funzionario restauratoreChiara Carcano &#8211; funzionario restauratoreFrancesco Niboli &#8211; funzionario restauratoreAttivit\u00e0 movimentazione ed allestimento: Andrea Trivellone &#8211; assistente tecnico con incarico di specifiche responsabilit\u00e0 Contatti: Attivit\u00e0<\/p>","protected":false},"author":16,"featured_media":0,"parent":0,"menu_order":0,"comment_status":"closed","ping_status":"closed","template":"","meta":{"footnotes":""},"class_list":["post-17228","page","type-page","status-publish","hentry"],"featured_image_src":null,"featured_image_src_square":null,"_links":{"self":[{"href":"https:\/\/pinacotecabologna.cultura.gov.it\/en\/wp-json\/wp\/v2\/pages\/17228","targetHints":{"allow":["GET"]}}],"collection":[{"href":"https:\/\/pinacotecabologna.cultura.gov.it\/en\/wp-json\/wp\/v2\/pages"}],"about":[{"href":"https:\/\/pinacotecabologna.cultura.gov.it\/en\/wp-json\/wp\/v2\/types\/page"}],"author":[{"embeddable":true,"href":"https:\/\/pinacotecabologna.cultura.gov.it\/en\/wp-json\/wp\/v2\/users\/16"}],"replies":[{"embeddable":true,"href":"https:\/\/pinacotecabologna.cultura.gov.it\/en\/wp-json\/wp\/v2\/comments?post=17228"}],"version-history":[{"count":1,"href":"https:\/\/pinacotecabologna.cultura.gov.it\/en\/wp-json\/wp\/v2\/pages\/17228\/revisions"}],"predecessor-version":[{"id":17229,"href":"https:\/\/pinacotecabologna.cultura.gov.it\/en\/wp-json\/wp\/v2\/pages\/17228\/revisions\/17229"}],"wp:attachment":[{"href":"https:\/\/pinacotecabologna.cultura.gov.it\/en\/wp-json\/wp\/v2\/media?parent=17228"}],"curies":[{"name":"wp","href":"https:\/\/api.w.org\/{rel}","templated":true}]}}