{"id":17223,"date":"2026-01-20T18:34:14","date_gmt":"2026-01-20T17:34:14","guid":{"rendered":"https:\/\/pinacotecabologna.cultura.gov.it\/?page_id=17223"},"modified":"2026-01-20T18:34:16","modified_gmt":"2026-01-20T17:34:16","slug":"servizio-accoglienza-e-vigilanza","status":"publish","type":"page","link":"https:\/\/pinacotecabologna.cultura.gov.it\/en\/servizio-accoglienza-e-vigilanza","title":{"rendered":"Servizio accoglienza e vigilanza"},"content":{"rendered":"<p><strong>Pinacoteca Nazionale di Bologna\u00a0<\/strong><br><br><strong>Coordinatori del servizio<\/strong><br><strong>Rosangela Russo<\/strong> &#8211; assistente alla tutela, accoglienza e vigilanza con incarico di specifiche responsabilit\u00e0<br><strong>Maria Rosaria Cardillo<\/strong> &#8211; assistente alla tutela, accoglienza e vigilanza con incarico di specifiche responsabilit\u00e0<br><strong>Pasquale Minopoli<\/strong> &#8211; assistente alla tutela, accoglienza e vigilanza con incarico di specifiche responsabilit\u00e0<\/p>\n\n\n\n<p><strong>Collaboratori al coordinamento di servizio<\/strong> <br><strong>Matteo Liaci<\/strong> &#8211; assistente alla tutela, accoglienza e vigilanza<br><strong>Enrico Marino<\/strong> &#8211; assistente alla tutela, accoglienza e vigilanza<br><strong>Pier Paolo Pellicciari<\/strong> &#8211; assistente alla tutela, accoglienza e vigilanza<\/p>\n\n\n\n<p><strong>Addetti al<\/strong> <strong>servizio<br>Alessia Arena, Angela Battista, Cristina Capponi, Ciro Carchia, Maria Rosaria Cardillo, Marzia Cavaliere, Guido Cristini, Nicoletta Cuculo, Luciana D&#8217;Aluisio, Stefano Dalmonte, Melania Della Calce, Assunta Farella, Francesca Fionda, Carmelo Fontana, Fabio Germani, Barbara Gilli, Valentina Lambertini, Matteo Liaci, Grazia Pia Lopes, Ileana Mancia, Michele Marchese, Enrico Marino, Rosa Marino, Pasquale Minopoli, Angela Montesarchio, Cosimo Palma, Pier Paolo Pellicciari, Eleonora Raimondi, Alessandro Raparelli, Davide Rocca, Giovanna Romano, Roberta Romano, Rosangela Russo, Saveria Sacc\u00e0, Alessandra Sisti, Francesca Vargiu, Nicola Vulpio, Laura Biasett<\/strong>i (collaborazione)<br><\/p>\n\n\n\n<p><strong>Museo dell&#8217; Et\u00e0 Neoclassica in Romagna presso Palazzo Milzetti (Faenza)<\/strong><\/p>\n\n\n\n<p><strong>Coordinatore del servizio<\/strong><br><strong>Francesco Armiento<\/strong> &#8211; assistente alla tutela, accoglienza e vigilanza con incarico di specifiche responsabilit\u00e0<br><br><strong><strong>Collaboratori al coordinamento del servizio<\/strong><\/strong><br><strong>Lidia Siviero<\/strong> &#8211; assistente alla tutela, accoglienza e vigilanza<\/p>\n\n\n\n<p><strong>Addetti al<\/strong> <strong>servizio<\/strong><br><strong>Manuel Bruschi, Rita Cassani, Alessandra Frisan, Liria Insinga, Chiara Magnani, Francesca Romoli, Girolamo Sorrentino.<\/strong><\/p>\n\n\n\n<p><strong>Casiera: Mariarosaria Sangiovanni<\/strong>  &#8211; assistente alla tutela, accoglienza e vigilanza<\/p>\n\n\n\n<p><strong>Museo nazionale etrusco \u201cPompeo Aria\u201d e Area Archeologica di Kainua (Marzabotto)<\/strong><\/p>\n\n\n\n<p><strong>Coordinatore del servizio<\/strong><br><strong>Costanza Borsari<\/strong> &#8211; assistente alla tutela, accoglienza e vigilanza con incarico di specifiche responsabilit\u00e0<\/p>\n\n\n\n<p><strong>Addetti al servizio<br>Davide Mazzari, Sara Testa, Filippo Orlandi, Silvana Franconieri<\/strong> (collaborazione)<\/p>\n\n\n\n<p><strong>Casiera: Silvia Concas<\/strong>  &#8211; assistente alla tutela, accoglienza e vigilanza<br><\/p>\n\n\n\n<p><strong>Abbazia di Pomposa e Museo Pomposiano<\/strong><\/p>\n\n\n\n<p><strong>Coordinatori del servizio<\/strong><br><strong>Gianmatteo Cavallari<\/strong> &#8211; assistente alla tutela, accoglienza e vigilanza con incarico di specifiche responsabilit\u00e0<br><strong>Marco Cavalieri<\/strong> &#8211; assistente alla tutela, accoglienza e vigilanza<\/p>\n\n\n\n<p><strong>Addetti al servizio<\/strong><br><strong>Rita Barboni, Sergio Cavalieri, Fabrizio Cavallari, Piera Rita Gatti, Mara Guidi, Claudio Luciani, Luca Pasquali, Anna Maria Simoni, Daria Bottoni<\/strong><br><br><br><strong>Sedi di Parma<\/strong><\/p>\n\n\n\n<p><strong>Coordinatori del servizio<\/strong><br><strong>Fabrizia Basteri<\/strong> &#8211; assistente alla tutela, accoglienza e vigilanza<\/p>\n\n\n\n<p><strong><strong><strong>Collaboratori al coordinamento del servizio<\/strong><\/strong><\/strong><br><strong>Monica Cavalli<\/strong> &#8211; assistente alla tutela, accoglienza e vigilanza<\/p>\n\n\n\n<p><strong>Addetti al servizio<br>Stefano Bozzini, Simone Carini, Alan Copellini, Carla Emanuelli, Roberta Fava, Silvia Giuseppina Lo Rillo, Francesco Mario Mastroeni, Castrenze Paglino, Silvia Piazza, Fausto Poggioli\u00a0<\/strong><br><\/p>\n\n\n\n<p><strong>Museo Archeologico Nazionale di Sarsina<\/strong><\/p>\n\n\n\n<p><strong>Addetti al servizio<\/strong><br><strong>Christian Bastianoni, Veronique Bourson, Marco Casacci, Paola Fontana, Stefania Perini<\/strong><\/p>\n\n\n\n<p><strong>Sedi ravennati<\/strong><\/p>\n\n\n\n<p><strong>Coordinatori del servizio<\/strong><br><strong>Monica Sandrolini<\/strong> &#8211; assistente alla tutela, accoglienza e vigilanza<br><strong>Silvia Srebernic<\/strong> &#8211; assistente alla tutela, accoglienza e vigilanza<br><strong>Luciano Vichi<\/strong> -assistente alla tutela, accoglienza e vigilanza<\/p>\n\n\n\n<p><strong>Addetti al servizio<\/strong><br><strong>Monica Bandini, Enrico Bartoli, Paolo Bassi, Maurizio Bratti, Rosaria Renata Ciantia, Anna Rosa Corosiniti, Stefania Depasquale, Raffaele Di Maio, Elisa Emaldi, Antonio Natalino Freda, Edina Iseppi, Nicola Leoni, Ilaria Lugaresi, Angela Maione, Gianni Masieri, Teresa Mete, Maria Vittoria Misuraca, Rita Montanari, Roberta Nanni, Patrizia Nicolais, Daniela Querzoli, Rinaldo Rafaiani, Angela Ricci, Cinzia Sangiorgi, Maria Rosaria Serpe, Feliciano Tarantino, Marco Tomasi, Barbara Tropeo, Mauro Zavoli<\/strong><br><\/p>\n\n\n\n<p><strong>Sedi ferraresi<\/strong><\/p>\n\n\n\n<p><strong>Coordinatori del servizio<\/strong><br><strong>Cosetta Felloni<\/strong> (Ferrara MANFE)<br><strong>Natalina Correggioli<\/strong> (Ferrara Casa Romei)<\/p>\n\n\n\n<p><strong>Addetti al servizio<\/strong><br><strong>Roberta Cavallaro, Gloria Marighella, Sabrina Pallara, Andrea Rossi, Laura Sovrani, Tonino Butera, Marcello Goberti, Elena Montagna <\/strong><\/p>\n\n\n\n<p><\/p>","protected":false},"excerpt":{"rendered":"<p>Pinacoteca Nazionale di Bologna\u00a0 Coordinatori del servizioRosangela Russo &#8211; assistente alla tutela, accoglienza e vigilanza con incarico di specifiche responsabilit\u00e0Maria Rosaria Cardillo &#8211; assistente alla tutela, accoglienza e vigilanza con incarico di specifiche responsabilit\u00e0Pasquale Minopoli &#8211; assistente alla tutela, accoglienza e vigilanza con incarico di specifiche responsabilit\u00e0 Collaboratori al coordinamento di servizio Matteo Liaci &#8211;<a href=\"https:\/\/pinacotecabologna.cultura.gov.it\/en\/servizio-accoglienza-e-vigilanza\">Continue reading <span class=\"sr-only\">&#8220;Servizio accoglienza e vigilanza&#8221;<\/span><\/a><\/p>","protected":false},"author":16,"featured_media":0,"parent":0,"menu_order":0,"comment_status":"closed","ping_status":"closed","template":"","meta":{"footnotes":""},"class_list":["post-17223","page","type-page","status-publish","hentry"],"featured_image_src":null,"featured_image_src_square":null,"_links":{"self":[{"href":"https:\/\/pinacotecabologna.cultura.gov.it\/en\/wp-json\/wp\/v2\/pages\/17223","targetHints":{"allow":["GET"]}}],"collection":[{"href":"https:\/\/pinacotecabologna.cultura.gov.it\/en\/wp-json\/wp\/v2\/pages"}],"about":[{"href":"https:\/\/pinacotecabologna.cultura.gov.it\/en\/wp-json\/wp\/v2\/types\/page"}],"author":[{"embeddable":true,"href":"https:\/\/pinacotecabologna.cultura.gov.it\/en\/wp-json\/wp\/v2\/users\/16"}],"replies":[{"embeddable":true,"href":"https:\/\/pinacotecabologna.cultura.gov.it\/en\/wp-json\/wp\/v2\/comments?post=17223"}],"version-history":[{"count":1,"href":"https:\/\/pinacotecabologna.cultura.gov.it\/en\/wp-json\/wp\/v2\/pages\/17223\/revisions"}],"predecessor-version":[{"id":17224,"href":"https:\/\/pinacotecabologna.cultura.gov.it\/en\/wp-json\/wp\/v2\/pages\/17223\/revisions\/17224"}],"wp:attachment":[{"href":"https:\/\/pinacotecabologna.cultura.gov.it\/en\/wp-json\/wp\/v2\/media?parent=17223"}],"curies":[{"name":"wp","href":"https:\/\/api.w.org\/{rel}","templated":true}]}}