{"id":11779,"date":"2023-11-24T12:33:26","date_gmt":"2023-11-24T11:33:26","guid":{"rendered":"https:\/\/pinacotecabologna.cultura.gov.it\/?page_id=11779"},"modified":"2025-12-30T10:40:23","modified_gmt":"2025-12-30T09:40:23","slug":"per-gli-studiosi","status":"publish","type":"page","link":"https:\/\/pinacotecabologna.cultura.gov.it\/en\/per-gli-studiosi","title":{"rendered":"Per gli Studiosi"},"content":{"rendered":"<p>Informazioni e attivit\u00e0 per gli studiosi<\/p>\n\n\n<div class=\"horizontal-menu-block\">\r\n\r\n\t\t\t<div class=\"wrp-title\">\r\n\t\t\t<h2 class=\"box-title\">\r\n\t\t\t\t\t\t\t\t\t<span class=\"title-url title\">\r\n\t\t\t\t\t\tcollections\t\t\t\t\t<\/span>\r\n\t\t\t\t\t\t\t<\/h2>\r\n\t\t<\/div>\r\n\t\r\n\t\r\n\t<div class=\"horizontal-menu flex\">\r\n\t\t\t\t\t\t\t\t\t\t\t\t\r\n\t\t\t\t<a style=\"padding: 15px 0; background-color: ; color:#000\"\r\n\t\t\t\t   href=\"https:\/\/pinacotecabologna.cultura.gov.it\/en\/la-mappa-del-museo\/\"\r\n\t\t\t\t   class=\"link-image block_items_3\"\r\n\t\t\t\t>\r\n\t\t\t\t\t<div class=\"column-image-wrap left\">\r\n\t\t\t\t\t\t\t\t\t\t\t\t\t<img style=\"width: 100%;\"\r\n\t\t\t\t\t\t\t\t\tclass=\"colums-image\"\r\n\t\t\t\t\t\t\t\t\tsrc=\"https:\/\/pinacotecabologna.cultura.gov.it\/wp-content\/uploads\/2023\/04\/collection_box_1.jpg\"\r\n\t\t\t\t\t\t\t\t\talt=\"Immagine-Pinacoteca Nazionale di Bologna\"\r\n\t\t\t\t\t\t\t\t\ttitle=\"Titolo-Le opere della Pinacoteca\"\/>\r\n\t\t\t\t\t\t\t\t\t\t\t<\/div>\r\n\r\n\t\t\t\t\t<div class=\"text-content\">\r\n\t\t\t\t\t\t\t\t\t\t\t\t\t\t\t\t\t\t\t<h5 style=\"color:#000 !important;margin-top: 10px\">the Pinacoteca collection<\/h5>\r\n\t\t\t\t\t\t\t\t\t\t\t\t\t\t\t\t\t\t\t\t\t\t\t<\/div>\r\n\t\t\t\t<\/a>\r\n\t\t\t\t\t\t\t\t\t\t\t\r\n\t\t\t\t<a style=\"padding: 15px 0; background-color: ; color:#000\"\r\n\t\t\t\t   href=\"https:\/\/pinacotecabologna.cultura.gov.it\/en\/palazzo-pepoli-campogrande-html\/\"\r\n\t\t\t\t   class=\"link-image block_items_3\"\r\n\t\t\t\t>\r\n\t\t\t\t\t<div class=\"column-image-wrap left\">\r\n\t\t\t\t\t\t\t\t\t\t\t\t\t<img style=\"width: 100%;\"\r\n\t\t\t\t\t\t\t\t\tclass=\"colums-image\"\r\n\t\t\t\t\t\t\t\t\tsrc=\"https:\/\/pinacotecabologna.cultura.gov.it\/wp-content\/uploads\/2023\/04\/collection_box_2.jpg\"\r\n\t\t\t\t\t\t\t\t\talt=\"Immagine-Palazzo Pepoli Campogrande\"\r\n\t\t\t\t\t\t\t\t\ttitle=\"Titolo-Gli affreschi di Palazzo Pepoli\"\/>\r\n\t\t\t\t\t\t\t\t\t\t\t<\/div>\r\n\r\n\t\t\t\t\t<div class=\"text-content\">\r\n\t\t\t\t\t\t\t\t\t\t\t\t\t\t\t\t\t\t\t<h5 style=\"color:#000 !important;margin-top: 10px\">The frescoes of Palazzo Pepoli<\/h5>\r\n\t\t\t\t\t\t\t\t\t\t\t\t\t\t\t\t\t\t\t\t\t\t\t<\/div>\r\n\t\t\t\t<\/a>\r\n\t\t\t\t\t\t\t\t\t\t\t\r\n\t\t\t\t<a style=\"padding: 15px 0; background-color: ; color:#000\"\r\n\t\t\t\t   href=\"https:\/\/pinacotecabologna.cultura.gov.it\/en\/gabinetto-disegni-e-stampe\/\"\r\n\t\t\t\t   class=\"link-image block_items_3\"\r\n\t\t\t\t>\r\n\t\t\t\t\t<div class=\"column-image-wrap left\">\r\n\t\t\t\t\t\t\t\t\t\t\t\t\t<img style=\"width: 100%;\"\r\n\t\t\t\t\t\t\t\t\tclass=\"colums-image\"\r\n\t\t\t\t\t\t\t\t\tsrc=\"https:\/\/pinacotecabologna.cultura.gov.it\/wp-content\/uploads\/2023\/04\/collection_box_3.jpg\"\r\n\t\t\t\t\t\t\t\t\talt=\"Immagine-Gabinetto Disegni e Stampe\"\r\n\t\t\t\t\t\t\t\t\ttitle=\"Titolo-I disegni e le stampe\"\/>\r\n\t\t\t\t\t\t\t\t\t\t\t<\/div>\r\n\r\n\t\t\t\t\t<div class=\"text-content\">\r\n\t\t\t\t\t\t\t\t\t\t\t\t\t\t\t\t\t\t\t<h5 style=\"color:#000 !important;margin-top: 10px\">The Collection of Drawings and Prints<\/h5>\r\n\t\t\t\t\t\t\t\t\t\t\t\t\t\t\t\t\t\t\t\t\t\t\t<\/div>\r\n\t\t\t\t<\/a>\r\n\t\t\t\t\t\r\n\t<\/div>\r\n\r\n<\/div>\r\n\n\n\n<div class=\"wp-block-columns alignfull is-layout-flex wp-container-core-columns-is-layout-9d6595d7 wp-block-columns-is-layout-flex\">\n<div class=\"wp-block-column is-layout-flow wp-block-column-is-layout-flow\">\t\t<div class=\"acc-container acc-closed\">\r\n\t\t\t<ul class=\"acc-titles basis-[50%]\">\r\n\t\t\t\t\t\t\t<li class=\"open-acc-button\" data-acc=\"1\">\r\n\t\t\t\t\t<div style=\"width: 100%\">\r\n\t\t\t\t\t\t<div class=\"accordion-tit-wrap\">\r\n\t\t\t\t\t\t\t<h5>\r\n\t\t\t\t\t\t\t\tUSO DEGLI SPAZI\t\t\t\t\t\t\t<\/h5>\r\n\t\t\t\t\t\t\t<span class=\"arrow\">\u2192<\/span>\r\n\t\t\t\t\t\t<\/div>\r\n\r\n\t\t\t\t\t\t<div class=\"mb-acc-desc hidden\">\r\n\t\t\t\t\t\t\tThose interested in using the spaces of the Pinacoteca Nazionale di Bologna and Palazzo Pepoli Campogrande for private events may consult the regulations and the corresponding price list:<br><a href=\"https:\/\/pinacotecabologna.cultura.gov.it\/wp-content\/uploads\/2025\/12\/Regolamento-SPAZI-2025_DEC-3_2025.pdf\">regulation<\/a><br><a href=\"https:\/\/pinacotecabologna.cultura.gov.it\/wp-content\/uploads\/2025\/12\/Tariffario-SPAZI-2025_DEC-3_2025.pdf\">price list<\/a><br>The application form should be sent to <a href=\"mailto:mn-bo.concessioni@cultura.gov.it\" target=\"_blank\" rel=\"noreferrer noopener\">mn-bo@cultura.gov.it<\/a>. You can also write to the same address for further information.<br>Download the forms here:<br><a href=\"https:\/\/pinacotecabologna.cultura.gov.it\/wp-content\/uploads\/2025\/12\/Modulo-E-Richiesta-per-la-concessione-in-uso-degli-spazi_MNBO-DRM-ERO.docx\">Form E \u2013 Request for the concession of space<\/a><br><strong>List of spaces that can be requested for use.<\/strong><br><em>Pinacoteca Nazionale di Bologna<\/em><br>Aula Cesare Gnudi<br>Cortile del Terribilia<br>Salone degli Incamminati<br>Atrium and monumental staircase<br>Sala Clementina<br>One single museum room<br>Entire museum space<br><em>Palazzo Pepoli Campogrande<\/em><br>Sala del Trionfo di Ercole<br>Sala di Felsina<br>Sala delle Stagioni<br>Salone dell\u2019Olimpo<br>Sala di Alessandro<br>Entire main floor\t\t\t\t\t\t<\/div>\r\n\t\t\t\t\t<\/div>\r\n\t\t\t\t<\/li>\r\n\t\t\t\t\t\t\t<li class=\"open-acc-button\" data-acc=\"2\">\r\n\t\t\t\t\t<div style=\"width: 100%\">\r\n\t\t\t\t\t\t<div class=\"accordion-tit-wrap\">\r\n\t\t\t\t\t\t\t<h5>\r\n\t\t\t\t\t\t\t\tUSO DELLE RIPRODUZIONI\t\t\t\t\t\t\t<\/h5>\r\n\t\t\t\t\t\t\t<span class=\"arrow\">\u2192<\/span>\r\n\t\t\t\t\t\t<\/div>\r\n\r\n\t\t\t\t\t\t<div class=\"mb-acc-desc hidden\">\r\n\t\t\t\t\t\t\tAccording to current legislation, the reproduction of images of cultural assets, legitimately acquired, for activities carried out on a not-for-profit basis, for purposes of study, research, free expression of thought, creative expression, and promotion of knowledge of the cultural heritage, is free. It is also free to circulate them by any means, so that they cannot be further reproduced for profit, not even indirectly.<br>Il visitatore che nei luoghi afferenti ai Musei Nazionali di Bologna effettua riprese foto e video \u00e8 tenuto a seguire modalit\u00e0 che non comportino alcun contatto fisico con il bene, n\u00e9 l\u2019esposizione dello stesso a sorgenti luminose, n\u00e9 l\u2019uso di stativi o treppiedi.<br>E\u2019 invece previsto un canone per qualsiasi altro tipo di riproduzione a fini sia scientifici che commerciali, come specificato nel regolamento e relativo tariffario:<br><a href=\"https:\/\/pinacotecabologna.cultura.gov.it\/wp-content\/uploads\/2025\/12\/Regolamento-RIPRODUZIONII-2025_DEC-3_2025.pdf\" target=\"_blank\" rel=\"noreferrer noopener\">Regulation<\/a><br><a href=\"https:\/\/pinacotecabologna.cultura.gov.it\/wp-content\/uploads\/2025\/12\/Tariffario-RIPRODUZIONI-2025_DEC-3_2025.pdf\" target=\"_blank\" rel=\"noreferrer noopener\">Price List<\/a><br>The application form should be sent to <a href=\"mailto:pin-bo.concessioni@cultura.gov.it\" target=\"_blank\" rel=\"noreferrer noopener\">mn-bo@cultura.gov.it<\/a>. You can also write to the same address for further information.<br>Download the forms here:<br><a href=\"https:\/\/pinacotecabologna.cultura.gov.it\/wp-content\/uploads\/2024\/12\/Modulo_richiesta_riproduzioni_a_scopo_di_lucro.docploads\/2024\/01\/Modulo_richiesta_riproduzioni_a_scopo_di_lucro.doc\" target=\"_blank\" rel=\"noreferrer noopener\"><mark style=\"background-color:rgba(0, 0, 0, 0)\" class=\"has-inline-color has-tertiary-color\"><a href=\"https:\/\/pinacotecabologna.cultura.gov.it\/wp-content\/uploads\/2025\/12\/Modulo-E-Richiesta-per-la-concessione-in-uso-degli-spazi_MNBO-DRM-ERO.docx\" target=\"_blank\" rel=\"noreferrer noopener\">Form A \u2013 Request for photographic filming\/shooting<\/a><\/mark><\/a><br><a href=\"https:\/\/pinacotecabologna.cultura.gov.it\/wp-content\/uploads\/2024\/12\/Modulo_richiesta_riproduzioni_non_a_scopo_di_lucro.doc di lucro\" target=\"_blank\" rel=\"noreferrer noopener\"><mark style=\"background-color:rgba(0, 0, 0, 0)\" class=\"has-inline-color has-tertiary-color\"><a href=\"https:\/\/pinacotecabologna.cultura.gov.it\/wp-content\/uploads\/2025\/12\/Modulo-B-Richiesta-immagini-per-pubblicazione_MNBO-DRM-ERO.docx\" data-type=\"link\" data-id=\"https:\/\/pinacotecabologna.cultura.gov.it\/wp-content\/uploads\/2024\/12\/Modulo_richiesta_riprese.doc\" target=\"_blank\" rel=\"noreferrer noopener\">Form B \u2013 Request for images for publication<\/a><\/mark><\/a><br><a href=\"https:\/\/pinacotecabologna.cultura.gov.it\/wp-content\/uploads\/2025\/12\/Modulo-C-Richiesta-immagini-per-motivi-di-studio_MNBO-DRM-ERO.docx\">Form C \u2013 Request for images for study purposes<\/a><br><a href=\"https:\/\/pinacotecabologna.cultura.gov.it\/wp-content\/uploads\/2025\/12\/Modulo-D-Richiesta-autorizzazione-riprese-video_MNBO-DRM-ERO.docx\">Form D \u2013 Request for video filming authorization<\/a><br><a href=\"https:\/\/pinacotecabologna.cultura.gov.it\/wp-content\/uploads\/2025\/12\/Modulo-F-Richiesta-consultazione-Archivio-Fotografico_MNBO-DRM-ERO.docx\">Form F \u2013 Request for Photographic Archive consultation<\/a>\t\t\t\t\t\t<\/div>\r\n\t\t\t\t\t<\/div>\r\n\t\t\t\t<\/li>\r\n\t\t\t\t\t\t<\/ul>\r\n\t\t\t<div class=\"desk-acc-descs\">\r\n\t\t\t\t<p><\/p>\r\n\t\t\t<\/div>\r\n\t\t<\/div>\r\n\t\t<script>\r\n\t\t\t(function () {\r\n\t\t\t\tif($(window).width() > 900) {\r\n\t\t\t\t\t$(\".acc-container\").removeClass(\"acc-closed\")\r\n\t\t\t\t\t$(\".acc-container\").addClass(\"acc-open\")\r\n\t\t\t\t\t$(\".acc-container\").attr(\"data-acc\", \"1\")\r\n\t\t\t\t\t$(\".desk-acc-descs p\").html($(\".open-acc-button[data-acc='1'] .mb-acc-desc\").html())\r\n\t\t\t\t\t$(\".open-acc-button[data-acc='1']\").addClass(\"open\")\r\n\t\t\t\t}\r\n\r\n\t\t\t\t$(window).on('resize', function() {\r\n\t\t\t\t\tif ($(window).width() < 900) {\r\n\t\t\t\t\t\tif($(\".acc-container\").hasClass(\"acc-open\")) {\r\n\t\t\t\t\t\t\t$(\".acc-container\").addClass(\"acc-closed\")\r\n\t\t\t\t\t\t\t$(\".acc-container\").removeClass(\"acc-open\")\r\n\t\t\t\t\t\t}\r\n\t\t\t\t\t} else {\r\n\t\t\t\t\t\tif($(\".acc-container\").hasClass(\"acc-closed\")) {\r\n\t\t\t\t\t\t\t$(\".acc-container\").removeClass(\"acc-closed\")\r\n\t\t\t\t\t\t\t$(\".acc-container\").addClass(\"acc-open\")\r\n\t\t\t\t\t\t\t$(\".acc-container\").attr(\"data-acc\", \"1\")\r\n\t\t\t\t\t\t\t$(\".desk-acc-descs p\").html($(\".open-acc-button[data-acc='1'] .mb-acc-desc\").html())\r\n\t\t\t\t\t\t\t$(\".open-acc-button[data-acc='1']\").addClass(\"open\")\r\n\t\t\t\t\t\t}\r\n\t\t\t\t\t}\r\n\t\t\t\t});\r\n\r\n\t\t\t\t$(\".open-acc-button\").on(\"click\", function () {\r\n\t\t\t\t\tif($(window).width() < 900) {\r\n\t\t\t\t\t\tvar toggleChild = $(this).children(\"div\").children(\"div.mb-acc-desc\")\r\n\t\t\t\t\t\tvar isClosed = toggleChild.hasClass(\"hidden\")\r\n\t\t\t\t\t\t$(\"div.mb-acc-desc\").addClass(\"hidden\")\r\n\t\t\t\t\t\tif (isClosed) {\r\n\t\t\t\t\t\t\ttoggleChild.removeClass(\"hidden\")\r\n\t\t\t\t\t\t\t$(this).addClass(\"open\")\r\n\t\t\t\t\t\t} else {\r\n\t\t\t\t\t\t\ttoggleChild.addClass(\"hidden\")\r\n\t\t\t\t\t\t\t$(this).removeClass(\"open\")\r\n\t\t\t\t\t\t}\r\n\r\n\t\t\t\t\t} else {\r\n\t\t\t\t\t\t\/\/ Desktop: only switch content if clicking a different item\r\n\t\t\t\t\t\tif($(this).attr(\"data-acc\") !== $(\".acc-container\").attr(\"data-acc\")) {\r\n\t\t\t\t\t\t\t$(\".acc-container\").removeClass(\"acc-closed\")\r\n\t\t\t\t\t\t\t$(\".acc-container\").addClass(\"acc-open\")\r\n\t\t\t\t\t\t\t$(\".acc-container\").attr(\"data-acc\", $(this).attr(\"data-acc\"))\r\n\t\t\t\t\t\t\t$(\".desk-acc-descs p\").html($(this).children(\"div\").children(\"div.mb-acc-desc\").html())\r\n\t\t\t\t\t\t\t$(\".open-acc-button.open\").removeClass(\"open\")\r\n\t\t\t\t\t\t\t$(this).addClass(\"open\")\r\n\t\t\t\t\t\t}\r\n\t\t\t\t\t\t\/\/ Clicking the already-open item does nothing \u2014 panel stays visible\r\n\t\t\t\t\t}\r\n\t\t\t\t})\r\n\t\t\t})()\r\n\t\t<\/script>\r\n\t<\/div>\n<\/div>\n\n\n<div class=\"block-events mostreprogramma mostre with-image slider_image relative \tmt-[20px]\tmb-[20px]\">\n\n\n\t\t<div class=\"line-up\"><\/div>\n\t<h2 class=\"title relative box-title mt-0\">\n\t\tCURRENT &amp; UPCOMING EXHIBITIONS\t<\/h2>\n\t<div class=\"line-down\"><\/div>\n\t\n\n\t<div id='160338245469e79eb3d11a1'\n\t\tclass=\"events events-with-image box-border\">\n\t\t\t\t<div class=\"event relative cursor-pointer\" data-href=\"https:\/\/pinacotecabologna.cultura.gov.it\/en\/eventi-mostre\/albrecht-durer-apocalisse\">\n\t\t\t\t\t\t<a href=\"https:\/\/pinacotecabologna.cultura.gov.it\/en\/eventi-mostre\/albrecht-durer-apocalisse\">\n\t\t\t\t<div class=\"event-image mb-[20px]\">\n\t\t\t\t\t<img loading=\"lazy\" decoding=\"async\" width=\"2560\" height=\"1244\" src=\"https:\/\/pinacotecabologna.cultura.gov.it\/wp-content\/uploads\/2026\/04\/slider-desktop_Durer-scaled.jpg\" class=\"attachment-post-thumbnail size-post-thumbnail wp-post-image\" alt=\"events-image\" srcset=\"https:\/\/pinacotecabologna.cultura.gov.it\/wp-content\/uploads\/2026\/04\/slider-desktop_Durer-scaled.jpg 2560w, https:\/\/pinacotecabologna.cultura.gov.it\/wp-content\/uploads\/2026\/04\/slider-desktop_Durer-800x389.jpg 800w, https:\/\/pinacotecabologna.cultura.gov.it\/wp-content\/uploads\/2026\/04\/slider-desktop_Durer-1024x497.jpg 1024w, https:\/\/pinacotecabologna.cultura.gov.it\/wp-content\/uploads\/2026\/04\/slider-desktop_Durer-768x373.jpg 768w, https:\/\/pinacotecabologna.cultura.gov.it\/wp-content\/uploads\/2026\/04\/slider-desktop_Durer-1536x746.jpg 1536w, https:\/\/pinacotecabologna.cultura.gov.it\/wp-content\/uploads\/2026\/04\/slider-desktop_Durer-2048x995.jpg 2048w, https:\/\/pinacotecabologna.cultura.gov.it\/wp-content\/uploads\/2026\/04\/slider-desktop_Durer-18x9.jpg 18w\" sizes=\"auto, (max-width: 2560px) 100vw, 2560px\" \/>\t\t\t\t<\/div>\n\n\t\t\t\t<h5>\n\t\t\t\t\tAlbrecht D\u00fcrer. Apocalisse\t\t\t\t<\/h5>\n\n\t\t\t<\/a>\n\t\t\t\t\t<\/div>\n\t\t\t\t\t<\/div>\n\t\n<\/div>\n\n\n<script>\n\tjQuery(window).ready(function () {\n\t\tvar $slider = jQuery('#160338245469e79eb3d11a1');\n\n\t\t$slider.slick({\n\t\t\tdots: false,\n\t\t\tarrows: true,\n\t\t\tinfinite: false,\n\t\t\tspeed: 2000,\n\t\t\tslidesToShow: 1,\n\t\t\t\tautoplay: true,\n\t\t\t\t\tadaptiveHeight: false,\n\t\t\t\t\t\tresponsive: [{\n\t\t\t\t\t\t\tbreakpoint: 860,\n\t\t\t\t\t\t\tsettings: {\n\t\t\t\t\t\t\t\tslidesToShow: 1\n\t\t\t\t\t\t\t}\n\t\t\t\t\t\t}]\n\t});\n\n\t\t$slider.on('click', '.event[data-href]', function (e) {\n\t\t\tif (jQuery(e.target).closest('a, button, input, select, textarea, label').length) {\n\t\t\t\treturn;\n\t\t\t}\n\n\t\t\tvar href = jQuery(this).data('href');\n\t\t\tif (href) {\n\t\t\t\twindow.location.href = href;\n\t\t\t}\n\t\t});\n\t\t\t});\n<\/script>\n\n\n\n\n<div class=\"tipo-di-titolo  pt-[20px]\">\r\n\r\n\t\t\t<div class=\"line-up\"><\/div>\r\n\t\r\n\t<h2 class=\"text-sx\" >\r\n\t\taperto: bollettino del gabinetto dei disegni e delle stampe\t<\/h2>\r\n\r\n\t<div class=\"line-down\"><\/div>\r\n<\/div>\r\n\n\n\n<p>La rivista, creata per promuovere studi sul patrimonio grafico del Museo, ha la finalit\u00e0 di incentivare la pubblicazione di ricerche e nuove indagini su opere della collezione. In ogni articolo si parte, infatti, da opere presenti in museo per allargarsi necessariamente, in un\u2019ampia prospettiva scientifica, a confronti e relazioni con opere conservate in altri fondi.<\/p>\n\n\n\n<div class=\"wp-block-buttons is-layout-flex wp-block-buttons-is-layout-flex\">\n<div class=\"wp-block-button\"><a class=\"wp-block-button__link has-white-color has-black-background-color has-text-color has-background has-link-color wp-element-button\" href=\"https:\/\/aperto.pinacotecabologna.beniculturali.it\/\">CONSULTA<\/a><\/div>\n<\/div>","protected":false},"excerpt":{"rendered":"<p>Informazioni e attivit\u00e0 per gli studiosi<\/p>","protected":false},"author":2,"featured_media":0,"parent":0,"menu_order":0,"comment_status":"closed","ping_status":"closed","template":"theme_layout3.php","meta":{"footnotes":""},"class_list":["post-11779","page","type-page","status-publish","hentry"],"featured_image_src":null,"featured_image_src_square":null,"_links":{"self":[{"href":"https:\/\/pinacotecabologna.cultura.gov.it\/en\/wp-json\/wp\/v2\/pages\/11779","targetHints":{"allow":["GET"]}}],"collection":[{"href":"https:\/\/pinacotecabologna.cultura.gov.it\/en\/wp-json\/wp\/v2\/pages"}],"about":[{"href":"https:\/\/pinacotecabologna.cultura.gov.it\/en\/wp-json\/wp\/v2\/types\/page"}],"author":[{"embeddable":true,"href":"https:\/\/pinacotecabologna.cultura.gov.it\/en\/wp-json\/wp\/v2\/users\/2"}],"replies":[{"embeddable":true,"href":"https:\/\/pinacotecabologna.cultura.gov.it\/en\/wp-json\/wp\/v2\/comments?post=11779"}],"version-history":[{"count":56,"href":"https:\/\/pinacotecabologna.cultura.gov.it\/en\/wp-json\/wp\/v2\/pages\/11779\/revisions"}],"predecessor-version":[{"id":17082,"href":"https:\/\/pinacotecabologna.cultura.gov.it\/en\/wp-json\/wp\/v2\/pages\/11779\/revisions\/17082"}],"wp:attachment":[{"href":"https:\/\/pinacotecabologna.cultura.gov.it\/en\/wp-json\/wp\/v2\/media?parent=11779"}],"curies":[{"name":"wp","href":"https:\/\/api.w.org\/{rel}","templated":true}]}}